{"id":9236,"date":"2023-08-21T17:23:25","date_gmt":"2023-08-21T15:23:25","guid":{"rendered":"https:\/\/metachartermallorca.com\/embarcaciones\/invictus-cx250-2\/"},"modified":"2025-05-08T21:02:37","modified_gmt":"2025-05-08T19:02:37","slug":"invictus-cx250-2","status":"publish","type":"product","link":"https:\/\/metacharter.feimweb.com\/de\/schiffe\/invictus-cx250-2\/","title":{"rendered":"Invictus CX250 (mit oder ohne Skipper)"},"content":{"rendered":"<h2 class=\"boat-abstract mb-3\">Ein Boot mit viel Komfort und Stil<\/h2>\n<div class=\"description-zone\">\n<p>Seine Abmessungen stellen eine hervorragende Synthese aus Agilit\u00e4t und Ger\u00e4umigkeit dar; seine schlanken Linien finden im Profil der Au\u00dfenbordmotoren das richtige sportliche Adjektiv. Stil und Kraft tanzen auf diesem Schiff zusammen. Alle Invictus-Boote sind das Ergebnis eines integrierten Designprojekts, bei dem jedes Detail Teil einer Idee ist, die das Leben des Bootes koh\u00e4rent macht, von der ersten Skizze auf dem Papier bis zum Auslaufen.<\/p>\n<p>(Das Boot wird mit Ausnahme des <strong>Benzins vermietet<\/strong>)<\/p>\n<h2>Ausr\u00fcstung<\/h2>\n<p>Bimini, Cockpit-Lautsprecher, elektrische Ankerwinde, Cockpit-Kissen, kleiner K\u00fchlschrank, Bilgepumpe, Badeleiter, Badeplattform, Bug-Solarium, Tauchmaske, Au\u00dfenlautsprecher, Deckdusche, Stereoanlage, AM\/FM-Radio, Frischwasser, Schwarzwassertank, 12-Volt-Steckdose, Plotter, Echolot, UKW-Funk, Anker, Kompass, Navigationslichter.<\/p>\n<h2>Zus\u00e4tzliche Dienstleistungen<\/h2>\n<p>Es besteht die M\u00f6glichkeit, bei allen Buchungen die folgenden Zusatzleistungen in Anspruch zu nehmen:<\/p>\n<h3>Lebensmittel und Getr\u00e4nke<\/h3>\n<p>Der Service ist f\u00fcr 6 Personen und beinhaltet:<\/p>\n<ul>\n<li>K\u00e4setafel<\/li>\n<li>Wasser und Erfrischungsgetr\u00e4nke<\/li>\n<li>Zwei Flaschen Wein: Wei\u00df-Rot oder Ros\u00e9<\/li>\n<\/ul>\n<h3>Sonnenuntergang<\/h3>\n<p>M\u00f6glichkeit, einen spannenden Sonnenuntergang zu erleben. Fahrplan von 19:00h bis 22:00h. Inklusive Skipper und Treibstoff.<\/p>\n<\/div>\n<h2>Preise<\/h2>\n<ul>\n<li>01. Januar &#8211; 30. April: Halbtags: \/425 euro\/ &#8211; 1 Tag\/590 euro\/<\/li>\n<li>01. Mai &#8211; 30. Juni: Halber Tag:\/495 euro\/ &#8211; 1 Tag\/690 euro\/<\/li>\n<li>01 Juli &#8211; 31 August: Halber Tag:\/590 euro\/ &#8211; 1 Tag\/790 euro\/<\/li>\n<li>01 Sept &#8211; 31 Okt: Halbtags:\/495 euro\/ &#8211; 1 Tag\/690 euro\/<\/li>\n<li>01 Nov &#8211; 31 Dez: Halber Tag:\/320 euro\/ &#8211; 1 Tag\/520 euro\/<\/li>\n<\/ul>\n<p>Preise f\u00fcr das ganze Jahr: 2025<\/p>\n<p><strong>*Boot ohne Kapit\u00e4n &#8211; Kaution 1.500 Euro, die im Hafen zu hinterlegen ist: **Boot mit Kapit\u00e4n &#8211; keine Kaution erforderlich:<\/strong><br \/>\n<strong>***Treibstoff nicht im Preis inbegriffen.<\/strong><\/p>\n<p><strong>** Endreinigungspreis: 40\u20ac (nicht inbegriffen)<\/strong><\/p>\n","protected":false},"excerpt":{"rendered":"<p>Es handelt sich um ein Boot mit italienischem Design, bei dem Komfort, Stil und Leistung im Vordergrund stehen und das mit einer <strong>Bugkabine<\/strong>, einem <strong>Innensalon<\/strong>, einem kompletten <strong>Bad<\/strong> und einem f\u00fcr ein Boot von <strong>10 m L\u00e4nge<\/strong> unglaublich ger\u00e4umigen Au\u00dfenbereich das Beste aus dem Raum macht.<\/p>\n","protected":false},"featured_media":6513,"template":"","meta":{"_joinchat":[]},"product_brand":[],"product_cat":[61,62],"product_tag":[],"class_list":{"0":"post-9236","1":"product","2":"type-product","3":"status-publish","4":"has-post-thumbnail","6":"product_cat-alle-schiffe","7":"product_cat-schiffe","9":"first","10":"instock","11":"taxable","12":"shipping-taxable","13":"purchasable","14":"product-type-ovabrw_car_rental"},"yoast_head":"<!-- This site is optimized with the Yoast SEO plugin v22.2 - https:\/\/yoast.com\/wordpress\/plugins\/seo\/ -->\n<title>Mieten Sie Ihren Invictus CX250 (mit oder ohne Skipper) auf Mallorca - Meta Charter Mallorca<\/title>\n<meta name=\"description\" content=\"Entdecken Sie die Invictus CX250, eine ideale Wahl f\u00fcr das Segeln auf Mallorca. Eleganz, Leistung und Komfort in einem Boot.\" \/>\n<meta name=\"robots\" content=\"noindex, follow, max-snippet:-1, max-image-preview:large, max-video-preview:-1\" \/>\n<meta property=\"og:locale\" content=\"de_DE\" \/>\n<meta property=\"og:type\" content=\"article\" \/>\n<meta property=\"og:title\" content=\"Mieten Sie Ihren Invictus CX250 (mit oder ohne Skipper) auf Mallorca - Meta Charter Mallorca\" \/>\n<meta property=\"og:description\" content=\"Entdecken Sie die Invictus CX250, eine ideale Wahl f\u00fcr das Segeln auf Mallorca. Eleganz, Leistung und Komfort in einem Boot.\" \/>\n<meta property=\"og:url\" content=\"https:\/\/metacharter.feimweb.com\/de\/schiffe\/invictus-cx250-2\/\" \/>\n<meta property=\"og:site_name\" content=\"Meta Charter Mallorca\" \/>\n<meta property=\"article:modified_time\" content=\"2025-05-08T19:02:37+00:00\" \/>\n<meta property=\"og:image\" content=\"https:\/\/metacharter.feimweb.com\/wp-content\/uploads\/2023\/08\/invictus-cx250-meta-55e7419c-b.jpeg\" \/>\n\t<meta property=\"og:image:width\" content=\"1200\" \/>\n\t<meta property=\"og:image:height\" content=\"648\" \/>\n\t<meta property=\"og:image:type\" content=\"image\/jpeg\" \/>\n<meta name=\"twitter:card\" content=\"summary_large_image\" \/>\n<meta name=\"twitter:label1\" content=\"Gesch\u00e4tzte Lesezeit\" \/>\n\t<meta name=\"twitter:data1\" content=\"2\u00a0Minuten\" \/>\n<script type=\"application\/ld+json\" class=\"yoast-schema-graph\">{\"@context\":\"https:\/\/schema.org\",\"@graph\":[{\"@type\":\"WebPage\",\"@id\":\"https:\/\/metacharter.feimweb.com\/de\/schiffe\/invictus-cx250-2\/\",\"url\":\"https:\/\/metacharter.feimweb.com\/de\/schiffe\/invictus-cx250-2\/\",\"name\":\"Mieten Sie Ihren Invictus CX250 (mit oder ohne Skipper) auf Mallorca - Meta Charter Mallorca\",\"isPartOf\":{\"@id\":\"https:\/\/metacharter.feimweb.com\/de\/#website\"},\"primaryImageOfPage\":{\"@id\":\"https:\/\/metacharter.feimweb.com\/de\/schiffe\/invictus-cx250-2\/#primaryimage\"},\"image\":{\"@id\":\"https:\/\/metacharter.feimweb.com\/de\/schiffe\/invictus-cx250-2\/#primaryimage\"},\"thumbnailUrl\":\"https:\/\/metacharter.feimweb.com\/wp-content\/uploads\/2023\/08\/invictus-cx250-meta-55e7419c-b.jpeg\",\"datePublished\":\"2023-08-21T15:23:25+00:00\",\"dateModified\":\"2025-05-08T19:02:37+00:00\",\"description\":\"Entdecken Sie die Invictus CX250, eine ideale Wahl f\u00fcr das Segeln auf Mallorca. Eleganz, Leistung und Komfort in einem Boot.\",\"breadcrumb\":{\"@id\":\"https:\/\/metacharter.feimweb.com\/de\/schiffe\/invictus-cx250-2\/#breadcrumb\"},\"inLanguage\":\"de\",\"potentialAction\":[{\"@type\":\"ReadAction\",\"target\":[\"https:\/\/metacharter.feimweb.com\/de\/schiffe\/invictus-cx250-2\/\"]}]},{\"@type\":\"ImageObject\",\"inLanguage\":\"de\",\"@id\":\"https:\/\/metacharter.feimweb.com\/de\/schiffe\/invictus-cx250-2\/#primaryimage\",\"url\":\"https:\/\/metacharter.feimweb.com\/wp-content\/uploads\/2023\/08\/invictus-cx250-meta-55e7419c-b.jpeg\",\"contentUrl\":\"https:\/\/metacharter.feimweb.com\/wp-content\/uploads\/2023\/08\/invictus-cx250-meta-55e7419c-b.jpeg\",\"width\":1200,\"height\":648},{\"@type\":\"BreadcrumbList\",\"@id\":\"https:\/\/metacharter.feimweb.com\/de\/schiffe\/invictus-cx250-2\/#breadcrumb\",\"itemListElement\":[{\"@type\":\"ListItem\",\"position\":1,\"name\":\"Portada\",\"item\":\"https:\/\/metacharter.feimweb.com\/de\/\"},{\"@type\":\"ListItem\",\"position\":2,\"name\":\"Produkte\",\"item\":\"https:\/\/metacharter.feimweb.com\/de\/shop\/\"},{\"@type\":\"ListItem\",\"position\":3,\"name\":\"Invictus CX250 (mit oder ohne Skipper)\"}]},{\"@type\":\"WebSite\",\"@id\":\"https:\/\/metacharter.feimweb.com\/de\/#website\",\"url\":\"https:\/\/metacharter.feimweb.com\/de\/\",\"name\":\"Meta Charter Mallorca\",\"description\":\"\",\"potentialAction\":[{\"@type\":\"SearchAction\",\"target\":{\"@type\":\"EntryPoint\",\"urlTemplate\":\"https:\/\/metacharter.feimweb.com\/de\/?s={search_term_string}\"},\"query-input\":\"required name=search_term_string\"}],\"inLanguage\":\"de\"}]}<\/script>\n<!-- \/ Yoast SEO plugin. -->","yoast_head_json":{"title":"Mieten Sie Ihren Invictus CX250 (mit oder ohne Skipper) auf Mallorca - Meta Charter Mallorca","description":"Entdecken Sie die Invictus CX250, eine ideale Wahl f\u00fcr das Segeln auf Mallorca. Eleganz, Leistung und Komfort in einem Boot.","robots":{"index":"noindex","follow":"follow","max-snippet":"max-snippet:-1","max-image-preview":"max-image-preview:large","max-video-preview":"max-video-preview:-1"},"og_locale":"de_DE","og_type":"article","og_title":"Mieten Sie Ihren Invictus CX250 (mit oder ohne Skipper) auf Mallorca - Meta Charter Mallorca","og_description":"Entdecken Sie die Invictus CX250, eine ideale Wahl f\u00fcr das Segeln auf Mallorca. Eleganz, Leistung und Komfort in einem Boot.","og_url":"https:\/\/metacharter.feimweb.com\/de\/schiffe\/invictus-cx250-2\/","og_site_name":"Meta Charter Mallorca","article_modified_time":"2025-05-08T19:02:37+00:00","og_image":[{"width":1200,"height":648,"url":"https:\/\/metacharter.feimweb.com\/wp-content\/uploads\/2023\/08\/invictus-cx250-meta-55e7419c-b.jpeg","type":"image\/jpeg"}],"twitter_card":"summary_large_image","twitter_misc":{"Gesch\u00e4tzte Lesezeit":"2\u00a0Minuten"},"schema":{"@context":"https:\/\/schema.org","@graph":[{"@type":"WebPage","@id":"https:\/\/metacharter.feimweb.com\/de\/schiffe\/invictus-cx250-2\/","url":"https:\/\/metacharter.feimweb.com\/de\/schiffe\/invictus-cx250-2\/","name":"Mieten Sie Ihren Invictus CX250 (mit oder ohne Skipper) auf Mallorca - Meta Charter Mallorca","isPartOf":{"@id":"https:\/\/metacharter.feimweb.com\/de\/#website"},"primaryImageOfPage":{"@id":"https:\/\/metacharter.feimweb.com\/de\/schiffe\/invictus-cx250-2\/#primaryimage"},"image":{"@id":"https:\/\/metacharter.feimweb.com\/de\/schiffe\/invictus-cx250-2\/#primaryimage"},"thumbnailUrl":"https:\/\/metacharter.feimweb.com\/wp-content\/uploads\/2023\/08\/invictus-cx250-meta-55e7419c-b.jpeg","datePublished":"2023-08-21T15:23:25+00:00","dateModified":"2025-05-08T19:02:37+00:00","description":"Entdecken Sie die Invictus CX250, eine ideale Wahl f\u00fcr das Segeln auf Mallorca. Eleganz, Leistung und Komfort in einem Boot.","breadcrumb":{"@id":"https:\/\/metacharter.feimweb.com\/de\/schiffe\/invictus-cx250-2\/#breadcrumb"},"inLanguage":"de","potentialAction":[{"@type":"ReadAction","target":["https:\/\/metacharter.feimweb.com\/de\/schiffe\/invictus-cx250-2\/"]}]},{"@type":"ImageObject","inLanguage":"de","@id":"https:\/\/metacharter.feimweb.com\/de\/schiffe\/invictus-cx250-2\/#primaryimage","url":"https:\/\/metacharter.feimweb.com\/wp-content\/uploads\/2023\/08\/invictus-cx250-meta-55e7419c-b.jpeg","contentUrl":"https:\/\/metacharter.feimweb.com\/wp-content\/uploads\/2023\/08\/invictus-cx250-meta-55e7419c-b.jpeg","width":1200,"height":648},{"@type":"BreadcrumbList","@id":"https:\/\/metacharter.feimweb.com\/de\/schiffe\/invictus-cx250-2\/#breadcrumb","itemListElement":[{"@type":"ListItem","position":1,"name":"Portada","item":"https:\/\/metacharter.feimweb.com\/de\/"},{"@type":"ListItem","position":2,"name":"Produkte","item":"https:\/\/metacharter.feimweb.com\/de\/shop\/"},{"@type":"ListItem","position":3,"name":"Invictus CX250 (mit oder ohne Skipper)"}]},{"@type":"WebSite","@id":"https:\/\/metacharter.feimweb.com\/de\/#website","url":"https:\/\/metacharter.feimweb.com\/de\/","name":"Meta Charter Mallorca","description":"","potentialAction":[{"@type":"SearchAction","target":{"@type":"EntryPoint","urlTemplate":"https:\/\/metacharter.feimweb.com\/de\/?s={search_term_string}"},"query-input":"required name=search_term_string"}],"inLanguage":"de"}]}},"_links":{"self":[{"href":"https:\/\/metacharter.feimweb.com\/de\/wp-json\/wp\/v2\/product\/9236","targetHints":{"allow":["GET"]}}],"collection":[{"href":"https:\/\/metacharter.feimweb.com\/de\/wp-json\/wp\/v2\/product"}],"about":[{"href":"https:\/\/metacharter.feimweb.com\/de\/wp-json\/wp\/v2\/types\/product"}],"version-history":[{"count":6,"href":"https:\/\/metacharter.feimweb.com\/de\/wp-json\/wp\/v2\/product\/9236\/revisions"}],"predecessor-version":[{"id":9608,"href":"https:\/\/metacharter.feimweb.com\/de\/wp-json\/wp\/v2\/product\/9236\/revisions\/9608"}],"wp:featuredmedia":[{"embeddable":true,"href":"https:\/\/metacharter.feimweb.com\/de\/wp-json\/wp\/v2\/media\/6513"}],"wp:attachment":[{"href":"https:\/\/metacharter.feimweb.com\/de\/wp-json\/wp\/v2\/media?parent=9236"}],"wp:term":[{"taxonomy":"product_brand","embeddable":true,"href":"https:\/\/metacharter.feimweb.com\/de\/wp-json\/wp\/v2\/product_brand?post=9236"},{"taxonomy":"product_cat","embeddable":true,"href":"https:\/\/metacharter.feimweb.com\/de\/wp-json\/wp\/v2\/product_cat?post=9236"},{"taxonomy":"product_tag","embeddable":true,"href":"https:\/\/metacharter.feimweb.com\/de\/wp-json\/wp\/v2\/product_tag?post=9236"}],"curies":[{"name":"wp","href":"https:\/\/api.w.org\/{rel}","templated":true}]}}