{"id":8565,"date":"2023-08-21T17:22:24","date_gmt":"2023-08-21T15:22:24","guid":{"rendered":"https:\/\/metachartermallorca.com\/embarcaciones\/invictus-gt-320\/"},"modified":"2025-05-08T22:29:51","modified_gmt":"2025-05-08T20:29:51","slug":"invictus-gt-320","status":"publish","type":"product","link":"https:\/\/metacharter.feimweb.com\/de\/schiffe\/invictus-gt-320\/","title":{"rendered":"Invictus GT 320 (Kapitan inklusive)"},"content":{"rendered":"<h2 class=\"boat-abstract mb-3\"><span style=\"color: #808080;\">Die neue Inkarnation des Gleichgewichts<\/span><\/h2>\n<p><span style=\"color: #666699;\">Italienisches Design f\u00fcr alle, die Komfort, Stil und Leistung sch\u00e4tzen. Seine Details und Ausf\u00fchrungen sind von au\u00dfergew\u00f6hnlicher Qualit\u00e4t und Besonderheit. Sie ist aufgeteilt in eine vordere Kabine, einen Innenraum und ein komplettes Bad. Es bietet einen unglaublich gro\u00dfen Au\u00dfenbereich f\u00fcr ein Boot dieser:<\/span><\/p>\n<h2><span style=\"color: #808080;\">Ausr\u00fcstung<\/span><\/h2>\n<p><span style=\"color: #666699;\">Bimini, Bugstrahlruder, Cockpittisch, Au\u00dfendusche, Teakdeck, Kleiner K\u00fchlschrank, Bilgepumpe, Badeleiter, Badeplattform, Bug-Sonnendeck, Tauchmaske, Elektrische Bilgepumpe, Au\u00dfenlautsprecher, Deckdusche, 220V Batterieladeger\u00e4t, Komb\u00fcse, Warmwasser, Gefrierschrank, Stereoanlage, K\u00fchlschrank, K\u00fchlschrank, K\u00fcchenutensilien, Radio AM\/FM, Radio CD, iPhone Anschluss, Frischwasser, Kaffeemaschine, Bettw\u00e4sche, F\u00e4kalientank, 12 Volt Steckdose, Taschenlampe, Fernglas, GPS, Plotter, Echolot, UKW-Funk, Anker, Heckstrahlruder, Kompass, Verbandskasten, Navigationslichter<\/span><\/p>\n<h2><span style=\"color: #808080;\">Zus\u00e4tzliche Dienstleistungen<\/span><\/h2>\n<p><span style=\"color: #666699;\">Es besteht die M\u00f6glichkeit, bei allen Buchungen die folgenden Zusatzleistungen in Anspruch zu nehmen<\/span>:<\/p>\n<h4><span style=\"color: #808080;\">Lebensmittel und Getr\u00e4nke<\/span><\/h4>\n<ul>\n<li><span style=\"color: #666699;\">K\u00e4setafel<\/span><\/li>\n<li><span style=\"color: #666699;\">Wasser und Erfrischungsgetr\u00e4nke<\/span><\/li>\n<li><span style=\"color: #666699;\">Zwei Flaschen Wein: Wei\u00df-Rot oder Ros\u00e9<\/span><\/li>\n<\/ul>\n<h4><span style=\"color: #808080;\">Sonnenuntergang<\/span><\/h4>\n<p><span style=\"color: #666699;\">M\u00f6glichkeit, einen spannenden Sonnenuntergang zu erleben. Fahrplan von 19:00h bis 22:00h. Inklusive Skipper und Treibstoff.<\/span><\/p>\n<h2><span style=\"color: #808080;\">Preise<\/span><\/h2>\n<ul>\n<li><span style=\"color: #008000;\"><b>01. Januar &#8211; 30. April:\u00a0 \u00a0 \u00a0 \u00a0 \u00a0\u00a0<\/b> Halber Tag:\/820 euro\/ &#8211; 1 Tag\/1.220 euro\/<\/span><\/li>\n<li><span style=\"color: #008000;\"><b>01. Mai &#8212;&#8212;\u00a0 30.Juni:\u00a0 \u00a0 \u00a0 \u00a0<\/b> Halber Tag:\/950 euro\/ &#8211; 1 Tag\/1.440 euro\/<\/span><\/li>\n<li><span style=\"color: #008000;\"><b>01. Juli- &#8212; 31.August:\u00a0 \u00a0 \u00a0 \u00a0<\/b> Halber Tag:\/1.080 euro\/ &#8211; 1 Tag\/1.600 euro\/<\/span><\/li>\n<li><span style=\"color: #008000;\"><b>01. Sept&#8212;\u00a0 31.Oktobe:\u00a0 \u00a0 \u00a0 \u00a0<\/b> Halber Tag:\/950 euro\/ &#8211; 1 Tag\/1.440 euro\/<\/span><\/li>\n<li><span style=\"color: #008000;\"><b>01. Novem &#8211; 31.Dezem:\u00a0 \u00a0 \u00a0 \u00a0<\/b> Halber Tag:\/820 euro\/ &#8211; 1 Tag:\/1.220 euro\/<\/span><\/li>\n<li><span style=\"color: #008000;\"><b>Preise fur 2025<\/b><\/span><\/li>\n<li><b><span style=\"color: #ff0000;\">Benzin nicht im preis inbegriffen<\/span>:<\/b><\/li>\n<\/ul>\n","protected":false},"excerpt":{"rendered":"<p><span style=\"color: #808080;\">Invictus GT 320 hat ein italienisches Design f\u00fcr diejenigen, die Komfort, Stil und Leistung sch\u00e4tzen. Seine Details und Ausf\u00fchrungen sind von au\u00dfergew\u00f6hnlicher Qualit\u00e4t und Besonderheit.<\/span><\/p>\n","protected":false},"featured_media":9536,"template":"","meta":{"_joinchat":[]},"product_brand":[],"product_cat":[61,62],"product_tag":[],"class_list":{"0":"post-8565","1":"product","2":"type-product","3":"status-publish","4":"has-post-thumbnail","6":"product_cat-alle-schiffe","7":"product_cat-schiffe","9":"first","10":"instock","11":"taxable","12":"shipping-taxable","13":"purchasable","14":"product-type-ovabrw_car_rental"},"yoast_head":"<!-- This site is optimized with the Yoast SEO plugin v22.2 - https:\/\/yoast.com\/wordpress\/plugins\/seo\/ -->\n<title>Mieten Sie Ihren Invictus GT 320 (Kapitan inklusive) auf Mallorca - Meta Charter Mallorca<\/title>\n<meta name=\"description\" content=\"Entdecken Sie den neuen Invictus GT 320. Ein Boot, das Luxus und Leistung vereint, perfekt f\u00fcr ein einzigartiges Erlebnis auf Mallorca.\" \/>\n<meta name=\"robots\" content=\"noindex, follow, max-snippet:-1, max-image-preview:large, max-video-preview:-1\" \/>\n<meta property=\"og:locale\" content=\"de_DE\" \/>\n<meta property=\"og:type\" content=\"article\" \/>\n<meta property=\"og:title\" content=\"Mieten Sie Ihren Invictus GT 320 (Kapitan inklusive) auf Mallorca - Meta Charter Mallorca\" \/>\n<meta property=\"og:description\" content=\"Entdecken Sie den neuen Invictus GT 320. Ein Boot, das Luxus und Leistung vereint, perfekt f\u00fcr ein einzigartiges Erlebnis auf Mallorca.\" \/>\n<meta property=\"og:url\" content=\"https:\/\/metacharter.feimweb.com\/de\/schiffe\/invictus-gt-320\/\" \/>\n<meta property=\"og:site_name\" content=\"Meta Charter Mallorca\" \/>\n<meta property=\"article:modified_time\" content=\"2025-05-08T20:29:51+00:00\" \/>\n<meta property=\"og:image\" content=\"https:\/\/metacharter.feimweb.com\/wp-content\/uploads\/2023\/08\/2023-06-05-13.20.14.jpg\" \/>\n\t<meta property=\"og:image:width\" content=\"2048\" \/>\n\t<meta property=\"og:image:height\" content=\"1536\" \/>\n\t<meta property=\"og:image:type\" content=\"image\/jpeg\" \/>\n<meta name=\"twitter:card\" content=\"summary_large_image\" \/>\n<meta name=\"twitter:label1\" content=\"Gesch\u00e4tzte Lesezeit\" \/>\n\t<meta name=\"twitter:data1\" content=\"2\u00a0Minuten\" \/>\n<script type=\"application\/ld+json\" class=\"yoast-schema-graph\">{\"@context\":\"https:\/\/schema.org\",\"@graph\":[{\"@type\":\"WebPage\",\"@id\":\"https:\/\/metacharter.feimweb.com\/de\/schiffe\/invictus-gt-320\/\",\"url\":\"https:\/\/metacharter.feimweb.com\/de\/schiffe\/invictus-gt-320\/\",\"name\":\"Mieten Sie Ihren Invictus GT 320 (Kapitan inklusive) auf Mallorca - Meta Charter Mallorca\",\"isPartOf\":{\"@id\":\"https:\/\/metacharter.feimweb.com\/de\/#website\"},\"primaryImageOfPage\":{\"@id\":\"https:\/\/metacharter.feimweb.com\/de\/schiffe\/invictus-gt-320\/#primaryimage\"},\"image\":{\"@id\":\"https:\/\/metacharter.feimweb.com\/de\/schiffe\/invictus-gt-320\/#primaryimage\"},\"thumbnailUrl\":\"https:\/\/metacharter.feimweb.com\/wp-content\/uploads\/2023\/08\/2023-06-05-13.20.14.jpg\",\"datePublished\":\"2023-08-21T15:22:24+00:00\",\"dateModified\":\"2025-05-08T20:29:51+00:00\",\"description\":\"Entdecken Sie den neuen Invictus GT 320. Ein Boot, das Luxus und Leistung vereint, perfekt f\u00fcr ein einzigartiges Erlebnis auf Mallorca.\",\"breadcrumb\":{\"@id\":\"https:\/\/metacharter.feimweb.com\/de\/schiffe\/invictus-gt-320\/#breadcrumb\"},\"inLanguage\":\"de\",\"potentialAction\":[{\"@type\":\"ReadAction\",\"target\":[\"https:\/\/metacharter.feimweb.com\/de\/schiffe\/invictus-gt-320\/\"]}]},{\"@type\":\"ImageObject\",\"inLanguage\":\"de\",\"@id\":\"https:\/\/metacharter.feimweb.com\/de\/schiffe\/invictus-gt-320\/#primaryimage\",\"url\":\"https:\/\/metacharter.feimweb.com\/wp-content\/uploads\/2023\/08\/2023-06-05-13.20.14.jpg\",\"contentUrl\":\"https:\/\/metacharter.feimweb.com\/wp-content\/uploads\/2023\/08\/2023-06-05-13.20.14.jpg\",\"width\":2048,\"height\":1536},{\"@type\":\"BreadcrumbList\",\"@id\":\"https:\/\/metacharter.feimweb.com\/de\/schiffe\/invictus-gt-320\/#breadcrumb\",\"itemListElement\":[{\"@type\":\"ListItem\",\"position\":1,\"name\":\"Portada\",\"item\":\"https:\/\/metacharter.feimweb.com\/de\/\"},{\"@type\":\"ListItem\",\"position\":2,\"name\":\"Produkte\",\"item\":\"https:\/\/metacharter.feimweb.com\/de\/shop\/\"},{\"@type\":\"ListItem\",\"position\":3,\"name\":\"Invictus GT 320 (Kapitan inklusive)\"}]},{\"@type\":\"WebSite\",\"@id\":\"https:\/\/metacharter.feimweb.com\/de\/#website\",\"url\":\"https:\/\/metacharter.feimweb.com\/de\/\",\"name\":\"Meta Charter Mallorca\",\"description\":\"\",\"potentialAction\":[{\"@type\":\"SearchAction\",\"target\":{\"@type\":\"EntryPoint\",\"urlTemplate\":\"https:\/\/metacharter.feimweb.com\/de\/?s={search_term_string}\"},\"query-input\":\"required name=search_term_string\"}],\"inLanguage\":\"de\"}]}<\/script>\n<!-- \/ Yoast SEO plugin. -->","yoast_head_json":{"title":"Mieten Sie Ihren Invictus GT 320 (Kapitan inklusive) auf Mallorca - Meta Charter Mallorca","description":"Entdecken Sie den neuen Invictus GT 320. Ein Boot, das Luxus und Leistung vereint, perfekt f\u00fcr ein einzigartiges Erlebnis auf Mallorca.","robots":{"index":"noindex","follow":"follow","max-snippet":"max-snippet:-1","max-image-preview":"max-image-preview:large","max-video-preview":"max-video-preview:-1"},"og_locale":"de_DE","og_type":"article","og_title":"Mieten Sie Ihren Invictus GT 320 (Kapitan inklusive) auf Mallorca - Meta Charter Mallorca","og_description":"Entdecken Sie den neuen Invictus GT 320. Ein Boot, das Luxus und Leistung vereint, perfekt f\u00fcr ein einzigartiges Erlebnis auf Mallorca.","og_url":"https:\/\/metacharter.feimweb.com\/de\/schiffe\/invictus-gt-320\/","og_site_name":"Meta Charter Mallorca","article_modified_time":"2025-05-08T20:29:51+00:00","og_image":[{"width":2048,"height":1536,"url":"https:\/\/metacharter.feimweb.com\/wp-content\/uploads\/2023\/08\/2023-06-05-13.20.14.jpg","type":"image\/jpeg"}],"twitter_card":"summary_large_image","twitter_misc":{"Gesch\u00e4tzte Lesezeit":"2\u00a0Minuten"},"schema":{"@context":"https:\/\/schema.org","@graph":[{"@type":"WebPage","@id":"https:\/\/metacharter.feimweb.com\/de\/schiffe\/invictus-gt-320\/","url":"https:\/\/metacharter.feimweb.com\/de\/schiffe\/invictus-gt-320\/","name":"Mieten Sie Ihren Invictus GT 320 (Kapitan inklusive) auf Mallorca - Meta Charter Mallorca","isPartOf":{"@id":"https:\/\/metacharter.feimweb.com\/de\/#website"},"primaryImageOfPage":{"@id":"https:\/\/metacharter.feimweb.com\/de\/schiffe\/invictus-gt-320\/#primaryimage"},"image":{"@id":"https:\/\/metacharter.feimweb.com\/de\/schiffe\/invictus-gt-320\/#primaryimage"},"thumbnailUrl":"https:\/\/metacharter.feimweb.com\/wp-content\/uploads\/2023\/08\/2023-06-05-13.20.14.jpg","datePublished":"2023-08-21T15:22:24+00:00","dateModified":"2025-05-08T20:29:51+00:00","description":"Entdecken Sie den neuen Invictus GT 320. Ein Boot, das Luxus und Leistung vereint, perfekt f\u00fcr ein einzigartiges Erlebnis auf Mallorca.","breadcrumb":{"@id":"https:\/\/metacharter.feimweb.com\/de\/schiffe\/invictus-gt-320\/#breadcrumb"},"inLanguage":"de","potentialAction":[{"@type":"ReadAction","target":["https:\/\/metacharter.feimweb.com\/de\/schiffe\/invictus-gt-320\/"]}]},{"@type":"ImageObject","inLanguage":"de","@id":"https:\/\/metacharter.feimweb.com\/de\/schiffe\/invictus-gt-320\/#primaryimage","url":"https:\/\/metacharter.feimweb.com\/wp-content\/uploads\/2023\/08\/2023-06-05-13.20.14.jpg","contentUrl":"https:\/\/metacharter.feimweb.com\/wp-content\/uploads\/2023\/08\/2023-06-05-13.20.14.jpg","width":2048,"height":1536},{"@type":"BreadcrumbList","@id":"https:\/\/metacharter.feimweb.com\/de\/schiffe\/invictus-gt-320\/#breadcrumb","itemListElement":[{"@type":"ListItem","position":1,"name":"Portada","item":"https:\/\/metacharter.feimweb.com\/de\/"},{"@type":"ListItem","position":2,"name":"Produkte","item":"https:\/\/metacharter.feimweb.com\/de\/shop\/"},{"@type":"ListItem","position":3,"name":"Invictus GT 320 (Kapitan inklusive)"}]},{"@type":"WebSite","@id":"https:\/\/metacharter.feimweb.com\/de\/#website","url":"https:\/\/metacharter.feimweb.com\/de\/","name":"Meta Charter Mallorca","description":"","potentialAction":[{"@type":"SearchAction","target":{"@type":"EntryPoint","urlTemplate":"https:\/\/metacharter.feimweb.com\/de\/?s={search_term_string}"},"query-input":"required name=search_term_string"}],"inLanguage":"de"}]}},"_links":{"self":[{"href":"https:\/\/metacharter.feimweb.com\/de\/wp-json\/wp\/v2\/product\/8565","targetHints":{"allow":["GET"]}}],"collection":[{"href":"https:\/\/metacharter.feimweb.com\/de\/wp-json\/wp\/v2\/product"}],"about":[{"href":"https:\/\/metacharter.feimweb.com\/de\/wp-json\/wp\/v2\/types\/product"}],"version-history":[{"count":15,"href":"https:\/\/metacharter.feimweb.com\/de\/wp-json\/wp\/v2\/product\/8565\/revisions"}],"predecessor-version":[{"id":9610,"href":"https:\/\/metacharter.feimweb.com\/de\/wp-json\/wp\/v2\/product\/8565\/revisions\/9610"}],"wp:featuredmedia":[{"embeddable":true,"href":"https:\/\/metacharter.feimweb.com\/de\/wp-json\/wp\/v2\/media\/9536"}],"wp:attachment":[{"href":"https:\/\/metacharter.feimweb.com\/de\/wp-json\/wp\/v2\/media?parent=8565"}],"wp:term":[{"taxonomy":"product_brand","embeddable":true,"href":"https:\/\/metacharter.feimweb.com\/de\/wp-json\/wp\/v2\/product_brand?post=8565"},{"taxonomy":"product_cat","embeddable":true,"href":"https:\/\/metacharter.feimweb.com\/de\/wp-json\/wp\/v2\/product_cat?post=8565"},{"taxonomy":"product_tag","embeddable":true,"href":"https:\/\/metacharter.feimweb.com\/de\/wp-json\/wp\/v2\/product_tag?post=8565"}],"curies":[{"name":"wp","href":"https:\/\/api.w.org\/{rel}","templated":true}]}}