{"id":7987,"date":"2023-10-23T23:15:31","date_gmt":"2023-10-23T21:15:31","guid":{"rendered":"https:\/\/metachartermallorca.com\/ueber-uns\/"},"modified":"2024-03-10T22:49:26","modified_gmt":"2024-03-10T21:49:26","slug":"uber-uns","status":"publish","type":"page","link":"https:\/\/metacharter.feimweb.com\/de\/uber-uns\/","title":{"rendered":"\u00dcber uns"},"content":{"rendered":"\t\t<div data-elementor-type=\"wp-page\" data-elementor-id=\"7987\" class=\"elementor elementor-7987 elementor-5909\">\n\t\t\t\t\t\t<section class=\"elementor-section elementor-top-section elementor-element elementor-element-54bb3ec elementor-section-boxed elementor-section-height-default elementor-section-height-default\" data-id=\"54bb3ec\" data-element_type=\"section\">\n\t\t\t\t\t\t<div class=\"elementor-container elementor-column-gap-no\">\n\t\t\t\t\t<div class=\"elementor-column elementor-col-33 elementor-top-column elementor-element elementor-element-fabb7a5\" data-id=\"fabb7a5\" data-element_type=\"column\">\n\t\t\t<div class=\"elementor-widget-wrap elementor-element-populated\">\n\t\t\t\t\t\t<div class=\"elementor-element elementor-element-d453ef9 elementor-widget elementor-widget-heading\" data-id=\"d453ef9\" data-element_type=\"widget\" data-widget_type=\"heading.default\">\n\t\t\t\t<div class=\"elementor-widget-container\">\n\t\t\t<h2 class=\"elementor-heading-title elementor-size-default\">Bootsverleih auf Mallorca<\/h2>\t\t<\/div>\n\t\t\t\t<\/div>\n\t\t\t\t<div class=\"elementor-element elementor-element-7e0c9c7 elementor-widget elementor-widget-heading\" data-id=\"7e0c9c7\" data-element_type=\"widget\" data-widget_type=\"heading.default\">\n\t\t\t\t<div class=\"elementor-widget-container\">\n\t\t\t<div class=\"elementor-heading-title elementor-size-default\">Unsere Geschichte begann, damit Sie Ihren Traum leben k\u00f6nnen<\/div>\t\t<\/div>\n\t\t\t\t<\/div>\n\t\t\t\t<div class=\"elementor-element elementor-element-3fec203 elementor-widget elementor-widget-text-editor\" data-id=\"3fec203\" data-element_type=\"widget\" data-widget_type=\"text-editor.default\">\n\t\t\t\t<div class=\"elementor-widget-container\">\n\t\t\t\t\t\t\t<section class=\"wow fadeIn text-center animated\">\n<div class=\"container\">\n<div class=\"row\">\n<div class=\"col-md-12\">\n<p>Auf Metacharter Mallorca werden Sie eine authentische Erfahrung auf See machen. Unsere Bootsvermietungen mit Skipper beinhalten Skipper, Treibstoff, Snacks und Getr\u00e4nke, Schnorchelmasken&#8230; damit Sie sich ganz auf Ihren Segelt\u00f6rn konzentrieren k\u00f6nnen. Abfahrten von Port Adriano auf Mallorca, halbtags mit Option auf Sonnenuntergang. Wir arbeiten nur mit kleinen oder privaten Gruppen. Halten Sie sich mit uns von den Massen fern. Wir warten auf Sie!<\/p>\n<\/div>\n<\/div>\n<\/div>\n<\/section>\n<section class=\"section-small action bg-gray\">\n<div class=\"container\">\n<div class=\"row\">\n<div class=\"col-md-6\"> <\/div>\n<\/div>\n<\/div>\n<\/section>\n\t\t\t\t\t\t<\/div>\n\t\t\t\t<\/div>\n\t\t\t\t<section class=\"elementor-section elementor-inner-section elementor-element elementor-element-8fea7d6 elementor-section-full_width elementor-section-height-default elementor-section-height-default\" data-id=\"8fea7d6\" data-element_type=\"section\">\n\t\t\t\t\t\t<div class=\"elementor-container elementor-column-gap-no\">\n\t\t\t\t\t<div class=\"elementor-column elementor-col-50 elementor-inner-column elementor-element elementor-element-c9c05ad\" data-id=\"c9c05ad\" data-element_type=\"column\">\n\t\t\t<div class=\"elementor-widget-wrap elementor-element-populated\">\n\t\t\t\t\t\t<div class=\"elementor-element elementor-element-e035526 elementor-view-default elementor-position-top elementor-mobile-position-top elementor-widget elementor-widget-icon-box\" data-id=\"e035526\" data-element_type=\"widget\" data-widget_type=\"icon-box.default\">\n\t\t\t\t<div class=\"elementor-widget-container\">\n\t\t\t\t\t<div class=\"elementor-icon-box-wrapper\">\n\n\t\t\t\t\t\t<div class=\"elementor-icon-box-icon\">\n\t\t\t\t<span  class=\"elementor-icon elementor-animation-\">\n\t\t\t\t<i aria-hidden=\"true\" class=\"icomoon icomoon-trusted\"><\/i>\t\t\t\t<\/span>\n\t\t\t<\/div>\n\t\t\t\n\t\t\t\t\t\t<div class=\"elementor-icon-box-content\">\n\n\t\t\t\t\t\t\t\t\t<h3 class=\"elementor-icon-box-title\">\n\t\t\t\t\t\t<span  >\n\t\t\t\t\t\t\tZuverl\u00e4ssig\t\t\t\t\t\t<\/span>\n\t\t\t\t\t<\/h3>\n\t\t\t\t\n\t\t\t\t\t\t\t\t\t<p class=\"elementor-icon-box-description\">\n\t\t\t\t\t\tWir gewinnen Ihr Vertrauen durch einen transparenten und pers\u00f6nlichen Service.\t\t\t\t\t<\/p>\n\t\t\t\t\n\t\t\t<\/div>\n\t\t\t\n\t\t<\/div>\n\t\t\t\t<\/div>\n\t\t\t\t<\/div>\n\t\t\t\t\t<\/div>\n\t\t<\/div>\n\t\t\t\t<div class=\"elementor-column elementor-col-50 elementor-inner-column elementor-element elementor-element-2ecd3a1\" data-id=\"2ecd3a1\" data-element_type=\"column\">\n\t\t\t<div class=\"elementor-widget-wrap elementor-element-populated\">\n\t\t\t\t\t\t<div class=\"elementor-element elementor-element-10330be elementor-view-default elementor-position-top elementor-mobile-position-top elementor-widget elementor-widget-icon-box\" data-id=\"10330be\" data-element_type=\"widget\" data-widget_type=\"icon-box.default\">\n\t\t\t\t<div class=\"elementor-widget-container\">\n\t\t\t\t\t<div class=\"elementor-icon-box-wrapper\">\n\n\t\t\t\t\t\t<div class=\"elementor-icon-box-icon\">\n\t\t\t\t<span  class=\"elementor-icon elementor-animation-\">\n\t\t\t\t<i aria-hidden=\"true\" class=\"icomoon icomoon-badge\"><\/i>\t\t\t\t<\/span>\n\t\t\t<\/div>\n\t\t\t\n\t\t\t\t\t\t<div class=\"elementor-icon-box-content\">\n\n\t\t\t\t\t\t\t\t\t<h3 class=\"elementor-icon-box-title\">\n\t\t\t\t\t\t<span  >\n\t\t\t\t\t\t\tZuverl\u00e4ssig und sicher\t\t\t\t\t\t<\/span>\n\t\t\t\t\t<\/h3>\n\t\t\t\t\n\t\t\t\t\t\t\t\t\t<p class=\"elementor-icon-box-description\">\n\t\t\t\t\t\tUnser Engagement gilt Ihrer Sicherheit und Ihrem Wohlbefinden\t\t\t\t\t<\/p>\n\t\t\t\t\n\t\t\t<\/div>\n\t\t\t\n\t\t<\/div>\n\t\t\t\t<\/div>\n\t\t\t\t<\/div>\n\t\t\t\t\t<\/div>\n\t\t<\/div>\n\t\t\t\t\t<\/div>\n\t\t<\/section>\n\t\t\t\t\t<\/div>\n\t\t<\/div>\n\t\t\t\t<div class=\"elementor-column elementor-col-33 elementor-top-column elementor-element elementor-element-882f3bc elementor-hidden-mobile\" data-id=\"882f3bc\" data-element_type=\"column\">\n\t\t\t<div class=\"elementor-widget-wrap elementor-element-populated\">\n\t\t\t\t\t\t<div class=\"elementor-element elementor-element-b052cc5 elementor-widget elementor-widget-image\" data-id=\"b052cc5\" data-element_type=\"widget\" data-widget_type=\"image.default\">\n\t\t\t\t<div class=\"elementor-widget-container\">\n\t\t\t\t\t\t\t\t\t\t\t\t\t<img fetchpriority=\"high\" decoding=\"async\" width=\"230\" height=\"277\" src=\"https:\/\/metacharter.feimweb.com\/wp-content\/uploads\/2023\/12\/Diseno-sin-titulo-10-1.jpg\" class=\"attachment-large size-large wp-image-7759\" alt=\"alquilar yate meta charter mallorca\" \/>\t\t\t\t\t\t\t\t\t\t\t\t\t<\/div>\n\t\t\t\t<\/div>\n\t\t\t\t\t<\/div>\n\t\t<\/div>\n\t\t\t\t<div class=\"elementor-column elementor-col-33 elementor-top-column elementor-element elementor-element-706a4b5\" data-id=\"706a4b5\" data-element_type=\"column\">\n\t\t\t<div class=\"elementor-widget-wrap elementor-element-populated\">\n\t\t\t\t\t\t<div class=\"elementor-element elementor-element-9a4dfb0 elementor-widget elementor-widget-image\" data-id=\"9a4dfb0\" data-element_type=\"widget\" data-widget_type=\"image.default\">\n\t\t\t\t<div class=\"elementor-widget-container\">\n\t\t\t\t\t\t\t\t\t\t\t\t\t<img decoding=\"async\" width=\"357\" height=\"359\" src=\"https:\/\/metacharter.feimweb.com\/wp-content\/uploads\/2023\/12\/Diseno-sin-titulo-9-1.jpg\" class=\"attachment-large size-large wp-image-7754\" alt=\"alquilar barco invictus en mallorca\" srcset=\"https:\/\/metacharter.feimweb.com\/wp-content\/uploads\/2023\/12\/Diseno-sin-titulo-9-1.jpg 357w, https:\/\/metacharter.feimweb.com\/wp-content\/uploads\/2023\/12\/Diseno-sin-titulo-9-1-298x300.jpg 298w, https:\/\/metacharter.feimweb.com\/wp-content\/uploads\/2023\/12\/Diseno-sin-titulo-9-1-150x150.jpg 150w, https:\/\/metacharter.feimweb.com\/wp-content\/uploads\/2023\/12\/Diseno-sin-titulo-9-1-100x100.jpg 100w\" sizes=\"(max-width: 357px) 100vw, 357px\" \/>\t\t\t\t\t\t\t\t\t\t\t\t\t<\/div>\n\t\t\t\t<\/div>\n\t\t\t\t\t<\/div>\n\t\t<\/div>\n\t\t\t\t\t<\/div>\n\t\t<\/section>\n\t\t\t\t<section class=\"elementor-section elementor-top-section elementor-element elementor-element-3d3fc2a elementor-section-height-min-height elementor-section-boxed elementor-section-height-default elementor-section-items-middle\" data-id=\"3d3fc2a\" data-element_type=\"section\" data-settings=\"{&quot;background_background&quot;:&quot;classic&quot;}\">\n\t\t\t\t\t\t<div class=\"elementor-container elementor-column-gap-no\">\n\t\t\t\t\t<div class=\"elementor-column elementor-col-50 elementor-top-column elementor-element elementor-element-21545a6\" data-id=\"21545a6\" data-element_type=\"column\">\n\t\t\t<div class=\"elementor-widget-wrap elementor-element-populated\">\n\t\t\t\t\t\t<div class=\"elementor-element elementor-element-46ae483 elementor-widget elementor-widget-heading\" data-id=\"46ae483\" data-element_type=\"widget\" data-widget_type=\"heading.default\">\n\t\t\t\t<div class=\"elementor-widget-container\">\n\t\t\t<div class=\"elementor-heading-title elementor-size-default\">M\u00f6chten Sie uns besser kennen lernen?<\/div>\t\t<\/div>\n\t\t\t\t<\/div>\n\t\t\t\t<div class=\"elementor-element elementor-element-e0a396b elementor-widget elementor-widget-heading\" data-id=\"e0a396b\" data-element_type=\"widget\" data-widget_type=\"heading.default\">\n\t\t\t\t<div class=\"elementor-widget-container\">\n\t\t\t<div class=\"elementor-heading-title elementor-size-default\">Nehmen Sie Kontakt mit uns auf<\/div>\t\t<\/div>\n\t\t\t\t<\/div>\n\t\t\t\t\t<\/div>\n\t\t<\/div>\n\t\t\t\t<div class=\"elementor-column elementor-col-50 elementor-top-column elementor-element elementor-element-56a0fa9\" data-id=\"56a0fa9\" data-element_type=\"column\">\n\t\t\t<div class=\"elementor-widget-wrap elementor-element-populated\">\n\t\t\t\t\t\t<div class=\"elementor-element elementor-element-079afbe elementor-align-center elementor-tablet-align-right elementor-mobile-align-center elementor-widget elementor-widget-button\" data-id=\"079afbe\" data-element_type=\"widget\" data-widget_type=\"button.default\">\n\t\t\t\t<div class=\"elementor-widget-container\">\n\t\t\t\t\t\t\t<div class=\"elementor-button-wrapper\">\n\t\t\t\t\t<a class=\"elementor-button elementor-button-link elementor-size-xl\" href=\"https:\/\/metacharter.feimweb.com\/de\/kontakt\/\">\n\t\t\t\t\t\t<span class=\"elementor-button-content-wrapper\">\n\t\t\t\t\t\t\t\t\t<span class=\"elementor-button-text\">Kontakt<\/span>\n\t\t\t\t\t<\/span>\n\t\t\t\t\t<\/a>\n\t\t\t\t<\/div>\n\t\t\t\t\t\t<\/div>\n\t\t\t\t<\/div>\n\t\t\t\t\t<\/div>\n\t\t<\/div>\n\t\t\t\t\t<\/div>\n\t\t<\/section>\n\t\t\t\t<section class=\"elementor-section elementor-top-section elementor-element elementor-element-c9c0ef3 elementor-section-boxed elementor-section-height-default elementor-section-height-default\" data-id=\"c9c0ef3\" data-element_type=\"section\">\n\t\t\t\t\t\t<div class=\"elementor-container elementor-column-gap-default\">\n\t\t\t\t\t<div class=\"elementor-column elementor-col-100 elementor-top-column elementor-element elementor-element-5e4d731\" data-id=\"5e4d731\" data-element_type=\"column\">\n\t\t\t<div class=\"elementor-widget-wrap elementor-element-populated\">\n\t\t\t\t\t\t<div class=\"elementor-element elementor-element-74d1586 elementor-widget elementor-widget-heading\" data-id=\"74d1586\" data-element_type=\"widget\" data-widget_type=\"heading.default\">\n\t\t\t\t<div class=\"elementor-widget-container\">\n\t\t\t<p class=\"elementor-heading-title elementor-size-default\">Fachleute zu Ihren Diensten<\/p>\t\t<\/div>\n\t\t\t\t<\/div>\n\t\t\t\t<div class=\"elementor-element elementor-element-2cf4152 elementor-widget elementor-widget-heading\" data-id=\"2cf4152\" data-element_type=\"widget\" data-widget_type=\"heading.default\">\n\t\t\t\t<div class=\"elementor-widget-container\">\n\t\t\t<h2 class=\"elementor-heading-title elementor-size-default\">Unsere Arbeitgeber<\/h2>\t\t<\/div>\n\t\t\t\t<\/div>\n\t\t\t\t<div class=\"elementor-element elementor-element-e3ebe2e elementor-widget elementor-widget-ova_team\" data-id=\"e3ebe2e\" data-element_type=\"widget\" data-widget_type=\"ova_team.default\">\n\t\t\t\t<div class=\"elementor-widget-container\">\n\t\t\t\t\t\n<div class=\"ova-team \">\n\n\t<div class=\"content three_column\">\n\n\t\t\t\t\t\n<div class=\"item-team\">\n\n\t<div class=\"img\">\n\t\t\n\t\t<!-- Avata -->\n\t\t\t\n\t    \t<img decoding=\"async\" src=\"https:\/\/metacharter.feimweb.com\/wp-content\/uploads\/2024\/03\/maria-patrona-1.jpg\" class=\"img-responsive team-img\" alt=\"Mar\u00eda\">\n\t\t\t<div class=\"mask\"><\/div>\n\t    \t\n\t\t\n\t\t<!-- List Icon -->\n\t\t\n\t\t<!-- Short Description -->\n\t\t\n\t<\/div>\n\n\t<!-- Info -->\n\t<div class=\"info\">\n\n\t\t\t\n\n\t\t\t\t\t\t\t<h3 class=\"name\">\n\t\t\t\t\tMar\u00eda\t\t\t\t<\/h3>\n\t\t\t\t\t\n\t\t\t\n\t\t\n\t\t\n\t<\/div>\n\t\n<\/div>\t\t\t\t\t\n<div class=\"item-team\">\n\n\t<div class=\"img\">\n\t\t\n\t\t<!-- Avata -->\n\t\t\t\n\t    \t<img decoding=\"async\" src=\"https:\/\/metacharter.feimweb.com\/wp-content\/uploads\/2022\/04\/WhatsApp-Image-2023-11-15-at-16.48.26-e1700512270353.jpeg\" class=\"img-responsive team-img\" alt=\"Boris Borisov\">\n\t\t\t<div class=\"mask\"><\/div>\n\t    \t\n\t\t\n\t\t<!-- List Icon -->\n\t\t\n\t\t<!-- Short Description -->\n\t\t\n\t<\/div>\n\n\t<!-- Info -->\n\t<div class=\"info\">\n\n\t\t\t\n\n\t\t\t\t\t\t\t<h3 class=\"name\">\n\t\t\t\t\tBoris Borisov\t\t\t\t<\/h3>\n\t\t\t\t\t\n\t\t\t\n\t\t\n\t\t\n\t<\/div>\n\t\n<\/div>\t\t\t\t\t\n<div class=\"item-team\">\n\n\t<div class=\"img\">\n\t\t\n\t\t<!-- Avata -->\n\t\t\t\n\t    \t<img decoding=\"async\" src=\"https:\/\/metacharter.feimweb.com\/wp-content\/uploads\/2022\/04\/WhatsApp-Image-2023-11-15-at-16.48.15-e1700512300775.jpeg\" class=\"img-responsive team-img\" alt=\"Boyko Bankov\">\n\t\t\t<div class=\"mask\"><\/div>\n\t    \t\n\t\t\n\t\t<!-- List Icon -->\n\t\t\n\t\t<!-- Short Description -->\n\t\t\n\t<\/div>\n\n\t<!-- Info -->\n\t<div class=\"info\">\n\n\t\t\t\n\n\t\t\t\t\t\t\t<h3 class=\"name\">\n\t\t\t\t\tBoyko Bankov\t\t\t\t<\/h3>\n\t\t\t\t\t\n\t\t\t\n\t\t\n\t\t\n\t<\/div>\n\t\n<\/div>\t\t\t<\/div>\n\t\n\t\n<\/div>\t\t<\/div>\n\t\t\t\t<\/div>\n\t\t\t\t\t<\/div>\n\t\t<\/div>\n\t\t\t\t\t<\/div>\n\t\t<\/section>\n\t\t\t\t<\/div>\n\t\t","protected":false},"excerpt":{"rendered":"<p>Bootsverleih auf Mallorca Unsere Geschichte begann, damit Sie Ihren Traum leben k\u00f6nnen Auf Metacharter Mallorca werden Sie eine authentische Erfahrung auf See machen. Unsere Bootsvermietungen mit Skipper beinhalten Skipper, Treibstoff, Snacks und Getr\u00e4nke, Schnorchelmasken&#8230; damit Sie sich ganz auf Ihren Segelt\u00f6rn konzentrieren k\u00f6nnen. Abfahrten von Port Adriano auf Mallorca, halbtags mit Option auf Sonnenuntergang. Wir [&hellip;]<\/p>\n","protected":false},"author":4,"featured_media":0,"parent":0,"menu_order":0,"comment_status":"closed","ping_status":"closed","template":"elementor_header_footer","meta":{"_joinchat":[],"footnotes":""},"class_list":["post-7987","page","type-page","status-publish","hentry"],"yoast_head":"<!-- This site is optimized with the Yoast SEO plugin v22.2 - https:\/\/yoast.com\/wordpress\/plugins\/seo\/ -->\n<title>\u00dcber uns - Meta Charter Mallorca<\/title>\n<meta name=\"description\" content=\"Erfahren Sie mehr \u00fcber Meta Charter Mallorca. Unsere Leidenschaft und Erfahrung im Bootsverleih zu Ihren Diensten f\u00fcr ein unvergessliches Abenteuer.\" \/>\n<meta name=\"robots\" content=\"noindex, follow, max-snippet:-1, max-image-preview:large, max-video-preview:-1\" \/>\n<meta property=\"og:locale\" content=\"de_DE\" \/>\n<meta property=\"og:type\" content=\"article\" \/>\n<meta property=\"og:title\" content=\"\u00dcber uns - Meta Charter Mallorca\" \/>\n<meta property=\"og:description\" content=\"Erfahren Sie mehr \u00fcber Meta Charter Mallorca. Unsere Leidenschaft und Erfahrung im Bootsverleih zu Ihren Diensten f\u00fcr ein unvergessliches Abenteuer.\" \/>\n<meta property=\"og:url\" content=\"https:\/\/metacharter.feimweb.com\/de\/uber-uns\/\" \/>\n<meta property=\"og:site_name\" content=\"Meta Charter Mallorca\" \/>\n<meta property=\"article:modified_time\" content=\"2024-03-10T21:49:26+00:00\" \/>\n<meta property=\"og:image\" content=\"https:\/\/metacharter.feimweb.com\/wp-content\/uploads\/2023\/12\/Diseno-sin-titulo-10-1.jpg\" \/>\n<meta name=\"twitter:card\" content=\"summary_large_image\" \/>\n<meta name=\"twitter:label1\" content=\"Gesch\u00e4tzte Lesezeit\" \/>\n\t<meta name=\"twitter:data1\" content=\"2\u00a0Minuten\" \/>\n<script type=\"application\/ld+json\" class=\"yoast-schema-graph\">{\"@context\":\"https:\/\/schema.org\",\"@graph\":[{\"@type\":\"WebPage\",\"@id\":\"https:\/\/metacharter.feimweb.com\/de\/uber-uns\/\",\"url\":\"https:\/\/metacharter.feimweb.com\/de\/uber-uns\/\",\"name\":\"\u00dcber uns - Meta Charter Mallorca\",\"isPartOf\":{\"@id\":\"https:\/\/metacharter.feimweb.com\/de\/#website\"},\"primaryImageOfPage\":{\"@id\":\"https:\/\/metacharter.feimweb.com\/de\/uber-uns\/#primaryimage\"},\"image\":{\"@id\":\"https:\/\/metacharter.feimweb.com\/de\/uber-uns\/#primaryimage\"},\"thumbnailUrl\":\"https:\/\/metacharter.feimweb.com\/wp-content\/uploads\/2023\/12\/Diseno-sin-titulo-10-1.jpg\",\"datePublished\":\"2023-10-23T21:15:31+00:00\",\"dateModified\":\"2024-03-10T21:49:26+00:00\",\"description\":\"Erfahren Sie mehr \u00fcber Meta Charter Mallorca. Unsere Leidenschaft und Erfahrung im Bootsverleih zu Ihren Diensten f\u00fcr ein unvergessliches Abenteuer.\",\"breadcrumb\":{\"@id\":\"https:\/\/metacharter.feimweb.com\/de\/uber-uns\/#breadcrumb\"},\"inLanguage\":\"de\",\"potentialAction\":[{\"@type\":\"ReadAction\",\"target\":[\"https:\/\/metacharter.feimweb.com\/de\/uber-uns\/\"]}]},{\"@type\":\"ImageObject\",\"inLanguage\":\"de\",\"@id\":\"https:\/\/metacharter.feimweb.com\/de\/uber-uns\/#primaryimage\",\"url\":\"https:\/\/metacharter.feimweb.com\/wp-content\/uploads\/2023\/12\/Diseno-sin-titulo-10-1.jpg\",\"contentUrl\":\"https:\/\/metacharter.feimweb.com\/wp-content\/uploads\/2023\/12\/Diseno-sin-titulo-10-1.jpg\"},{\"@type\":\"BreadcrumbList\",\"@id\":\"https:\/\/metacharter.feimweb.com\/de\/uber-uns\/#breadcrumb\",\"itemListElement\":[{\"@type\":\"ListItem\",\"position\":1,\"name\":\"Portada\",\"item\":\"https:\/\/metacharter.feimweb.com\/de\/\"},{\"@type\":\"ListItem\",\"position\":2,\"name\":\"\u00dcber uns\"}]},{\"@type\":\"WebSite\",\"@id\":\"https:\/\/metacharter.feimweb.com\/de\/#website\",\"url\":\"https:\/\/metacharter.feimweb.com\/de\/\",\"name\":\"Meta Charter Mallorca\",\"description\":\"\",\"potentialAction\":[{\"@type\":\"SearchAction\",\"target\":{\"@type\":\"EntryPoint\",\"urlTemplate\":\"https:\/\/metacharter.feimweb.com\/de\/?s={search_term_string}\"},\"query-input\":\"required name=search_term_string\"}],\"inLanguage\":\"de\"}]}<\/script>\n<!-- \/ Yoast SEO plugin. -->","yoast_head_json":{"title":"\u00dcber uns - Meta Charter Mallorca","description":"Erfahren Sie mehr \u00fcber Meta Charter Mallorca. Unsere Leidenschaft und Erfahrung im Bootsverleih zu Ihren Diensten f\u00fcr ein unvergessliches Abenteuer.","robots":{"index":"noindex","follow":"follow","max-snippet":"max-snippet:-1","max-image-preview":"max-image-preview:large","max-video-preview":"max-video-preview:-1"},"og_locale":"de_DE","og_type":"article","og_title":"\u00dcber uns - Meta Charter Mallorca","og_description":"Erfahren Sie mehr \u00fcber Meta Charter Mallorca. Unsere Leidenschaft und Erfahrung im Bootsverleih zu Ihren Diensten f\u00fcr ein unvergessliches Abenteuer.","og_url":"https:\/\/metacharter.feimweb.com\/de\/uber-uns\/","og_site_name":"Meta Charter Mallorca","article_modified_time":"2024-03-10T21:49:26+00:00","og_image":[{"url":"https:\/\/metacharter.feimweb.com\/wp-content\/uploads\/2023\/12\/Diseno-sin-titulo-10-1.jpg"}],"twitter_card":"summary_large_image","twitter_misc":{"Gesch\u00e4tzte Lesezeit":"2\u00a0Minuten"},"schema":{"@context":"https:\/\/schema.org","@graph":[{"@type":"WebPage","@id":"https:\/\/metacharter.feimweb.com\/de\/uber-uns\/","url":"https:\/\/metacharter.feimweb.com\/de\/uber-uns\/","name":"\u00dcber uns - Meta Charter Mallorca","isPartOf":{"@id":"https:\/\/metacharter.feimweb.com\/de\/#website"},"primaryImageOfPage":{"@id":"https:\/\/metacharter.feimweb.com\/de\/uber-uns\/#primaryimage"},"image":{"@id":"https:\/\/metacharter.feimweb.com\/de\/uber-uns\/#primaryimage"},"thumbnailUrl":"https:\/\/metacharter.feimweb.com\/wp-content\/uploads\/2023\/12\/Diseno-sin-titulo-10-1.jpg","datePublished":"2023-10-23T21:15:31+00:00","dateModified":"2024-03-10T21:49:26+00:00","description":"Erfahren Sie mehr \u00fcber Meta Charter Mallorca. Unsere Leidenschaft und Erfahrung im Bootsverleih zu Ihren Diensten f\u00fcr ein unvergessliches Abenteuer.","breadcrumb":{"@id":"https:\/\/metacharter.feimweb.com\/de\/uber-uns\/#breadcrumb"},"inLanguage":"de","potentialAction":[{"@type":"ReadAction","target":["https:\/\/metacharter.feimweb.com\/de\/uber-uns\/"]}]},{"@type":"ImageObject","inLanguage":"de","@id":"https:\/\/metacharter.feimweb.com\/de\/uber-uns\/#primaryimage","url":"https:\/\/metacharter.feimweb.com\/wp-content\/uploads\/2023\/12\/Diseno-sin-titulo-10-1.jpg","contentUrl":"https:\/\/metacharter.feimweb.com\/wp-content\/uploads\/2023\/12\/Diseno-sin-titulo-10-1.jpg"},{"@type":"BreadcrumbList","@id":"https:\/\/metacharter.feimweb.com\/de\/uber-uns\/#breadcrumb","itemListElement":[{"@type":"ListItem","position":1,"name":"Portada","item":"https:\/\/metacharter.feimweb.com\/de\/"},{"@type":"ListItem","position":2,"name":"\u00dcber uns"}]},{"@type":"WebSite","@id":"https:\/\/metacharter.feimweb.com\/de\/#website","url":"https:\/\/metacharter.feimweb.com\/de\/","name":"Meta Charter Mallorca","description":"","potentialAction":[{"@type":"SearchAction","target":{"@type":"EntryPoint","urlTemplate":"https:\/\/metacharter.feimweb.com\/de\/?s={search_term_string}"},"query-input":"required name=search_term_string"}],"inLanguage":"de"}]}},"_links":{"self":[{"href":"https:\/\/metacharter.feimweb.com\/de\/wp-json\/wp\/v2\/pages\/7987","targetHints":{"allow":["GET"]}}],"collection":[{"href":"https:\/\/metacharter.feimweb.com\/de\/wp-json\/wp\/v2\/pages"}],"about":[{"href":"https:\/\/metacharter.feimweb.com\/de\/wp-json\/wp\/v2\/types\/page"}],"author":[{"embeddable":true,"href":"https:\/\/metacharter.feimweb.com\/de\/wp-json\/wp\/v2\/users\/4"}],"replies":[{"embeddable":true,"href":"https:\/\/metacharter.feimweb.com\/de\/wp-json\/wp\/v2\/comments?post=7987"}],"version-history":[{"count":8,"href":"https:\/\/metacharter.feimweb.com\/de\/wp-json\/wp\/v2\/pages\/7987\/revisions"}],"predecessor-version":[{"id":9169,"href":"https:\/\/metacharter.feimweb.com\/de\/wp-json\/wp\/v2\/pages\/7987\/revisions\/9169"}],"wp:attachment":[{"href":"https:\/\/metacharter.feimweb.com\/de\/wp-json\/wp\/v2\/media?parent=7987"}],"curies":[{"name":"wp","href":"https:\/\/api.w.org\/{rel}","templated":true}]}}