{"id":7981,"date":"2023-11-07T12:58:23","date_gmt":"2023-11-07T11:58:23","guid":{"rendered":"https:\/\/metachartermallorca.com\/datenschutzbestimmungen\/"},"modified":"2024-02-24T22:09:58","modified_gmt":"2024-02-24T21:09:58","slug":"datenschutzbestimmungen","status":"publish","type":"page","link":"https:\/\/metacharter.feimweb.com\/de\/datenschutzbestimmungen\/","title":{"rendered":"Datenschutzbestimmungen"},"content":{"rendered":"\t\t<div data-elementor-type=\"wp-page\" data-elementor-id=\"7981\" class=\"elementor elementor-7981 elementor-6868\">\n\t\t\t\t\t\t<section class=\"elementor-section elementor-top-section elementor-element elementor-element-b9b7ad1 elementor-section-boxed elementor-section-height-default elementor-section-height-default\" data-id=\"b9b7ad1\" data-element_type=\"section\">\n\t\t\t\t\t\t<div class=\"elementor-container elementor-column-gap-default\">\n\t\t\t\t\t<div class=\"elementor-column elementor-col-100 elementor-top-column elementor-element elementor-element-8949bb7\" data-id=\"8949bb7\" data-element_type=\"column\">\n\t\t\t<div class=\"elementor-widget-wrap elementor-element-populated\">\n\t\t\t\t\t\t<div class=\"elementor-element elementor-element-6628b35 elementor-widget elementor-widget-text-editor\" data-id=\"6628b35\" data-element_type=\"widget\" data-widget_type=\"text-editor.default\">\n\t\t\t\t<div class=\"elementor-widget-container\">\n\t\t\t\t\t\t\t<p>Auf dieser Website werden personenbezogene Daten erfasst, die f\u00fcr die Verwaltung und Wartung einiger unserer Dienste erforderlich sind. Unbeschadet der jeweils angegebenen Zwecke werden diese Informationen unter Anwendung der in der geltenden Gesetzgebung vorgesehenen EDV-Sicherheitsma\u00dfnahmen vertraulich gespeichert und verwaltet, um den Zugriff auf Ihre Daten oder deren missbr\u00e4uchliche Verwendung, ihre Manipulation, Verschlechterung oder ihren Verlust zu verhindern. Sie k\u00f6nnen jederzeit Ihr Recht auf Zugang, Berichtigung oder L\u00f6schung dieser Daten aus\u00fcben, indem Sie Ihren Antrag an die Adresse des Inhabers der Dateien richten. Formulare zur Wahrnehmung Ihrer Rechte finden Sie auf der Website der <a href=\"http:\/\/www.agpd.es\/\">Datenschutzbeh\u00f6rde<\/a>.<\/p><p>Ihre Daten werden in eine Datei aufgenommen, die im Allgemeinen Datenschutzregister unter der Verantwortung von Grupo Seul 2022 SL mit der Adresse C\/ Mar menor n6, 2, cp 07610 &#8211; Palma eingetragen ist.<\/p><p>Ihre Daten werden verwendet, um Sie auf Wunsch zu kontaktieren, um Informationen anzufordern oder um eine der angebotenen Dienstleistungen zu buchen. Dieser Vorgang kann die \u00dcbermittlung Ihrer Daten an Dritte beinhalten, die in direktem Zusammenhang mit der Erbringung der Dienstleistung stehen. Diese \u00dcbermittlung von Daten findet nur statt, wenn sie unbedingt erforderlich ist.<\/p><h2 class=\"wp-block-heading\">Welche Informationen sammeln wir?<\/h2><p>Wir sammeln Informationen \u00fcber Sie, wenn Sie sich auf unserer Website registrieren oder unseren Newsletter abonnieren. Wenn Sie eine Bestellung aufgeben oder sich auf unserer Website registrieren, werden Sie gegebenenfalls aufgefordert, Ihren Namen, Ihre E-Mail-Adresse oder Ihre Telefonnummer einzugeben. Es ist jedoch m\u00f6glich, unsere Website anonym zu besuchen.<\/p><h2 class=\"wp-block-heading\">Wozu verwenden wir Ihre Informationen?<\/h2><p>Die Informationen, die wir von Ihnen sammeln, k\u00f6nnen auf eine der folgenden Arten verwendet werden:<\/p><ul><li>Um Ihre Erfahrungen zu personalisieren: Ihre Informationen helfen uns, besser auf Ihre individuellen Bed\u00fcrfnisse einzugehen.<\/li><li>Um unsere Website zu verbessern: Wir verbessern unser Angebot auf der Grundlage der Informationen und R\u00fcckmeldungen, die wir von Ihnen erhalten, kontinuierlich.<\/li><li>Zur Verbesserung des Kundendienstes: Ihre Informationen helfen uns, effektiver auf Kundendienstanfragen und Bitten um Unterst\u00fctzung zu reagieren.<\/li><li>Zum Versenden regelm\u00e4\u00dfiger E-Mails.<\/li><\/ul><p>Die E-Mail-Adresse, die Sie f\u00fcr die Auftragsabwicklung angeben, kann verwendet werden, um Informationen und Aktualisierungen in Bezug auf Ihre Bestellung zu senden, sowie um von Zeit zu Zeit Unternehmensnachrichten, Aktualisierungen, produkt- oder servicebezogene Informationen usw. zu erhalten.<\/p><p>Hinweis: Wenn Sie in Zukunft keine E-Mails mehr erhalten m\u00f6chten, finden Sie am Ende jeder E-Mail eine Anleitung zum Abbestellen.<\/p><h2 class=\"wp-block-heading\">Wie sch\u00fctzen wir Ihre Daten?<\/h2><p>In \u00dcbereinstimmung mit geltendem Recht setzen wir eine Reihe von Sicherheitsma\u00dfnahmen ein, um die Integrit\u00e4t Ihrer pers\u00f6nlichen Daten zu wahren, wenn Sie diese eingeben, \u00fcbermitteln oder darauf zugreifen.<\/p><p><em>Cookies<\/em><\/p><p>Bitte lesen Sie unsere <a href=\"https:\/\/metacharter.feimweb.com\/de\/cookies-politik\/\"><strong>Cookie-Richtlinie<\/strong><\/a>, in der beschrieben wird, wie Cookies auf unserer Website verwendet werden.<\/p><h2 class=\"wp-block-heading\">Geben wir Informationen an Dritte weiter?<\/h2><p>Wir verkaufen, handeln oder \u00fcbertragen Ihre pers\u00f6nlichen Daten nicht an Dritte. Dies gilt nicht f\u00fcr vertrauensw\u00fcrdige Dritte, die uns beim Betrieb unserer Website, bei der Durchf\u00fchrung unserer Gesch\u00e4fte oder bei der Betreuung Ihrer Kunden unterst\u00fctzen, sofern diese Parteien zustimmen, diese Informationen vertraulich zu behandeln. Wir k\u00f6nnen Ihre Daten auch offenlegen, wenn wir der Meinung sind, dass die Freigabe notwendig ist, um das Gesetz einzuhalten, unsere Website-Richtlinien durchzusetzen oder unser Eigentum oder das Eigentum, die Sicherheit oder die Rechte anderer zu sch\u00fctzen. Allerdings k\u00f6nnen nicht pers\u00f6nlich identifizierbare Informationen aus Ihrem Besuch an Dritte f\u00fcr Marketing, Werbung oder andere Zwecke weitergegeben werden.<\/p><h2 class=\"wp-block-heading\">Datenschutzbestimmungen nur online<\/h2><p>Diese Online-Datenschutzrichtlinie gilt nur f\u00fcr Informationen, die \u00fcber unsere Website gesammelt werden, und nicht f\u00fcr Informationen, die auf andere Weise gesammelt werden.<\/p><h2 class=\"wp-block-heading\">Bedingungen und Konditionen<\/h2><p>Bitte besuchen Sie unsere <strong><a href=\"https:\/\/metacharter.feimweb.com\/de\/bedingungen-und-konditionen\/\">Allgemeinen Gesch\u00e4ftsbedingungen<\/a><\/strong>, in denen die Nutzung, die Haftungsausschl\u00fcsse und die Haftungsbeschr\u00e4nkungen f\u00fcr die Nutzung unserer Website festgelegt sind.<\/p><h2 class=\"wp-block-heading\">Zustimmung<\/h2><p>Durch die Nutzung unserer Website erkl\u00e4ren Sie sich mit den Datenschutzbestimmungen unserer Website einverstanden.<\/p><h2 class=\"wp-block-heading\">\u00c4nderungen<\/h2><p>Wenn wir uns entscheiden, unsere Datenschutzpolitik zu \u00e4ndern, werden wir das \u00c4nderungsdatum in diesem Dokument aktualisieren.<\/p><h2 class=\"wp-block-heading\">Wie Sie uns kontaktieren k\u00f6nnen<\/h2><p>Wenn Sie Fragen zu dieser Datenschutzrichtlinie haben, k\u00f6nnen Sie uns \u00fcber die auf unserer <a href=\"https:\/\/metacharter.feimweb.com\/de\/kontakt\/\">Kontaktseite<\/a> verf\u00fcgbaren Mechanismen kontaktieren.<\/p>\t\t\t\t\t\t<\/div>\n\t\t\t\t<\/div>\n\t\t\t\t\t<\/div>\n\t\t<\/div>\n\t\t\t\t\t<\/div>\n\t\t<\/section>\n\t\t\t\t<\/div>\n\t\t","protected":false},"excerpt":{"rendered":"<p>Auf dieser Website werden personenbezogene Daten erfasst, die f\u00fcr die Verwaltung und Wartung einiger unserer Dienste erforderlich sind. Unbeschadet der jeweils angegebenen Zwecke werden diese Informationen unter Anwendung der in der geltenden Gesetzgebung vorgesehenen EDV-Sicherheitsma\u00dfnahmen vertraulich gespeichert und verwaltet, um den Zugriff auf Ihre Daten oder deren missbr\u00e4uchliche Verwendung, ihre Manipulation, Verschlechterung oder ihren Verlust [&hellip;]<\/p>\n","protected":false},"author":4,"featured_media":0,"parent":0,"menu_order":0,"comment_status":"closed","ping_status":"closed","template":"elementor_header_footer","meta":{"_joinchat":[],"footnotes":""},"class_list":["post-7981","page","type-page","status-publish","hentry"],"yoast_head":"<!-- This site is optimized with the Yoast SEO plugin v22.2 - https:\/\/yoast.com\/wordpress\/plugins\/seo\/ -->\n<title>Datenschutzbestimmungen - Meta Charter Mallorca<\/title>\n<meta name=\"description\" content=\"Dem Schutz Ihrer Privatsph\u00e4re verpflichtet. Lesen Sie unsere Datenschutzrichtlinie, um zu verstehen, wie wir Ihre Daten bei Meta Charter Mallorca sch\u00fctzen.\" \/>\n<meta name=\"robots\" content=\"noindex, follow, max-snippet:-1, max-image-preview:large, max-video-preview:-1\" \/>\n<meta property=\"og:locale\" content=\"de_DE\" \/>\n<meta property=\"og:type\" content=\"article\" \/>\n<meta property=\"og:title\" content=\"Datenschutzbestimmungen - Meta Charter Mallorca\" \/>\n<meta property=\"og:description\" content=\"Dem Schutz Ihrer Privatsph\u00e4re verpflichtet. Lesen Sie unsere Datenschutzrichtlinie, um zu verstehen, wie wir Ihre Daten bei Meta Charter Mallorca sch\u00fctzen.\" \/>\n<meta property=\"og:url\" content=\"https:\/\/metacharter.feimweb.com\/de\/datenschutzbestimmungen\/\" \/>\n<meta property=\"og:site_name\" content=\"Meta Charter Mallorca\" \/>\n<meta property=\"article:modified_time\" content=\"2024-02-24T21:09:58+00:00\" \/>\n<meta name=\"twitter:card\" content=\"summary_large_image\" \/>\n<meta name=\"twitter:label1\" content=\"Gesch\u00e4tzte Lesezeit\" \/>\n\t<meta name=\"twitter:data1\" content=\"3\u00a0Minuten\" \/>\n<script type=\"application\/ld+json\" class=\"yoast-schema-graph\">{\"@context\":\"https:\/\/schema.org\",\"@graph\":[{\"@type\":\"WebPage\",\"@id\":\"https:\/\/metacharter.feimweb.com\/de\/datenschutzbestimmungen\/\",\"url\":\"https:\/\/metacharter.feimweb.com\/de\/datenschutzbestimmungen\/\",\"name\":\"Datenschutzbestimmungen - Meta Charter Mallorca\",\"isPartOf\":{\"@id\":\"https:\/\/metacharter.feimweb.com\/de\/#website\"},\"datePublished\":\"2023-11-07T11:58:23+00:00\",\"dateModified\":\"2024-02-24T21:09:58+00:00\",\"description\":\"Dem Schutz Ihrer Privatsph\u00e4re verpflichtet. Lesen Sie unsere Datenschutzrichtlinie, um zu verstehen, wie wir Ihre Daten bei Meta Charter Mallorca sch\u00fctzen.\",\"breadcrumb\":{\"@id\":\"https:\/\/metacharter.feimweb.com\/de\/datenschutzbestimmungen\/#breadcrumb\"},\"inLanguage\":\"de\",\"potentialAction\":[{\"@type\":\"ReadAction\",\"target\":[\"https:\/\/metacharter.feimweb.com\/de\/datenschutzbestimmungen\/\"]}]},{\"@type\":\"BreadcrumbList\",\"@id\":\"https:\/\/metacharter.feimweb.com\/de\/datenschutzbestimmungen\/#breadcrumb\",\"itemListElement\":[{\"@type\":\"ListItem\",\"position\":1,\"name\":\"Portada\",\"item\":\"https:\/\/metacharter.feimweb.com\/de\/\"},{\"@type\":\"ListItem\",\"position\":2,\"name\":\"Datenschutzbestimmungen\"}]},{\"@type\":\"WebSite\",\"@id\":\"https:\/\/metacharter.feimweb.com\/de\/#website\",\"url\":\"https:\/\/metacharter.feimweb.com\/de\/\",\"name\":\"Meta Charter Mallorca\",\"description\":\"\",\"potentialAction\":[{\"@type\":\"SearchAction\",\"target\":{\"@type\":\"EntryPoint\",\"urlTemplate\":\"https:\/\/metacharter.feimweb.com\/de\/?s={search_term_string}\"},\"query-input\":\"required name=search_term_string\"}],\"inLanguage\":\"de\"}]}<\/script>\n<!-- \/ Yoast SEO plugin. -->","yoast_head_json":{"title":"Datenschutzbestimmungen - Meta Charter Mallorca","description":"Dem Schutz Ihrer Privatsph\u00e4re verpflichtet. Lesen Sie unsere Datenschutzrichtlinie, um zu verstehen, wie wir Ihre Daten bei Meta Charter Mallorca sch\u00fctzen.","robots":{"index":"noindex","follow":"follow","max-snippet":"max-snippet:-1","max-image-preview":"max-image-preview:large","max-video-preview":"max-video-preview:-1"},"og_locale":"de_DE","og_type":"article","og_title":"Datenschutzbestimmungen - Meta Charter Mallorca","og_description":"Dem Schutz Ihrer Privatsph\u00e4re verpflichtet. Lesen Sie unsere Datenschutzrichtlinie, um zu verstehen, wie wir Ihre Daten bei Meta Charter Mallorca sch\u00fctzen.","og_url":"https:\/\/metacharter.feimweb.com\/de\/datenschutzbestimmungen\/","og_site_name":"Meta Charter Mallorca","article_modified_time":"2024-02-24T21:09:58+00:00","twitter_card":"summary_large_image","twitter_misc":{"Gesch\u00e4tzte Lesezeit":"3\u00a0Minuten"},"schema":{"@context":"https:\/\/schema.org","@graph":[{"@type":"WebPage","@id":"https:\/\/metacharter.feimweb.com\/de\/datenschutzbestimmungen\/","url":"https:\/\/metacharter.feimweb.com\/de\/datenschutzbestimmungen\/","name":"Datenschutzbestimmungen - Meta Charter Mallorca","isPartOf":{"@id":"https:\/\/metacharter.feimweb.com\/de\/#website"},"datePublished":"2023-11-07T11:58:23+00:00","dateModified":"2024-02-24T21:09:58+00:00","description":"Dem Schutz Ihrer Privatsph\u00e4re verpflichtet. Lesen Sie unsere Datenschutzrichtlinie, um zu verstehen, wie wir Ihre Daten bei Meta Charter Mallorca sch\u00fctzen.","breadcrumb":{"@id":"https:\/\/metacharter.feimweb.com\/de\/datenschutzbestimmungen\/#breadcrumb"},"inLanguage":"de","potentialAction":[{"@type":"ReadAction","target":["https:\/\/metacharter.feimweb.com\/de\/datenschutzbestimmungen\/"]}]},{"@type":"BreadcrumbList","@id":"https:\/\/metacharter.feimweb.com\/de\/datenschutzbestimmungen\/#breadcrumb","itemListElement":[{"@type":"ListItem","position":1,"name":"Portada","item":"https:\/\/metacharter.feimweb.com\/de\/"},{"@type":"ListItem","position":2,"name":"Datenschutzbestimmungen"}]},{"@type":"WebSite","@id":"https:\/\/metacharter.feimweb.com\/de\/#website","url":"https:\/\/metacharter.feimweb.com\/de\/","name":"Meta Charter Mallorca","description":"","potentialAction":[{"@type":"SearchAction","target":{"@type":"EntryPoint","urlTemplate":"https:\/\/metacharter.feimweb.com\/de\/?s={search_term_string}"},"query-input":"required name=search_term_string"}],"inLanguage":"de"}]}},"_links":{"self":[{"href":"https:\/\/metacharter.feimweb.com\/de\/wp-json\/wp\/v2\/pages\/7981","targetHints":{"allow":["GET"]}}],"collection":[{"href":"https:\/\/metacharter.feimweb.com\/de\/wp-json\/wp\/v2\/pages"}],"about":[{"href":"https:\/\/metacharter.feimweb.com\/de\/wp-json\/wp\/v2\/types\/page"}],"author":[{"embeddable":true,"href":"https:\/\/metacharter.feimweb.com\/de\/wp-json\/wp\/v2\/users\/4"}],"replies":[{"embeddable":true,"href":"https:\/\/metacharter.feimweb.com\/de\/wp-json\/wp\/v2\/comments?post=7981"}],"version-history":[{"count":5,"href":"https:\/\/metacharter.feimweb.com\/de\/wp-json\/wp\/v2\/pages\/7981\/revisions"}],"predecessor-version":[{"id":8855,"href":"https:\/\/metacharter.feimweb.com\/de\/wp-json\/wp\/v2\/pages\/7981\/revisions\/8855"}],"wp:attachment":[{"href":"https:\/\/metacharter.feimweb.com\/de\/wp-json\/wp\/v2\/media?parent=7981"}],"curies":[{"name":"wp","href":"https:\/\/api.w.org\/{rel}","templated":true}]}}