{"id":7979,"date":"2023-11-07T13:03:36","date_gmt":"2023-11-07T12:03:36","guid":{"rendered":"https:\/\/metachartermallorca.com\/cookies-politik\/"},"modified":"2024-02-24T23:27:46","modified_gmt":"2024-02-24T22:27:46","slug":"cookies-politik","status":"publish","type":"page","link":"https:\/\/metacharter.feimweb.com\/de\/cookies-politik\/","title":{"rendered":"Cookies-Politik"},"content":{"rendered":"\t\t<div data-elementor-type=\"wp-page\" data-elementor-id=\"7979\" class=\"elementor elementor-7979 elementor-6870\">\n\t\t\t\t\t\t<section class=\"elementor-section elementor-top-section elementor-element elementor-element-b9b7ad1 elementor-section-boxed elementor-section-height-default elementor-section-height-default\" data-id=\"b9b7ad1\" data-element_type=\"section\">\n\t\t\t\t\t\t<div class=\"elementor-container elementor-column-gap-default\">\n\t\t\t\t\t<div class=\"elementor-column elementor-col-100 elementor-top-column elementor-element elementor-element-8949bb7\" data-id=\"8949bb7\" data-element_type=\"column\">\n\t\t\t<div class=\"elementor-widget-wrap elementor-element-populated\">\n\t\t\t\t\t\t<div class=\"elementor-element elementor-element-6628b35 elementor-widget elementor-widget-text-editor\" data-id=\"6628b35\" data-element_type=\"widget\" data-widget_type=\"text-editor.default\">\n\t\t\t\t<div class=\"elementor-widget-container\">\n\t\t\t\t\t\t\t<p><em>Ein Cookie<\/em> ist eine Datei, die auf Ihren Computer heruntergeladen wird, wenn Sie bestimmte Webseiten aufrufen. Cookies erm\u00f6glichen es einer Website unter anderem, Informationen \u00fcber die Surfgewohnheiten eines Nutzers oder seines Ger\u00e4ts zu speichern und abzurufen, und je nach den enthaltenen Informationen und der Art und Weise, wie er sein Ger\u00e4t benutzt, k\u00f6nnen sie zur Wiedererkennung des Nutzers verwendet werden. Der Browser des Nutzers speichert <em>Cookies<\/em> nur w\u00e4hrend der aktuellen Sitzung auf der Festplatte, so dass sie nur minimalen Speicherplatz beanspruchen und den Computer nicht sch\u00e4digen. Cookies enthalten keine spezifischen pers\u00f6nlichen Informationen, und die meisten Cookies werden am Ende der Browser-Sitzung von Ihrer Festplatte gel\u00f6scht (so genannte Session-Cookies).<\/p>\n<p>Die meisten Browser akzeptieren <em>Cookies<\/em> standardm\u00e4\u00dfig und erlauben oder verhindern unabh\u00e4ngig davon in den Sicherheitseinstellungen tempor\u00e4re oder gespeicherte Cookies.<\/p>\n<p>Ohne Ihre ausdr\u00fcckliche Zustimmung (durch die Aktivierung von Cookies in Ihrem Browser) werden Cookies die gespeicherten Daten nicht mit Ihren pers\u00f6nlichen Daten, die Sie bei der Registrierung oder beim Kauf angegeben haben, verkn\u00fcpfen.<\/p>\n<h2><strong>Arten von <em>cookies<\/em><\/strong><\/h2>\n<ul>\n<li><em>Cookies<\/em> technisch: Diese erm\u00f6glichen dem Nutzer die Navigation auf einer Website, einer Plattform oder einer Anwendung und die Nutzung der verschiedenen Optionen oder Dienste, die dort vorhanden sind, wie z. B. die Steuerung des Datenverkehrs und der Datenkommunikation, die Identifizierung der Sitzung, den Zugriff auf Teile mit eingeschr\u00e4nktem Zugang, die Erinnerung an die Elemente, aus denen sich eine Bestellung zusammensetzt, die Durchf\u00fchrung des Kaufvorgangs einer Bestellung, die Beantragung der Registrierung oder der Teilnahme an einer Veranstaltung, die Verwendung von Sicherheitselementen w\u00e4hrend der Navigation, die Speicherung von Inhalten f\u00fcr die Verbreitung von Videos oder Ton oder die gemeinsame Nutzung von Inhalten \u00fcber soziale Netzwerke.<\/li>\n<li><em>Cookies<\/em> Personalisierung: Sie erm\u00f6glichen es dem Nutzer, auf den Dienst mit einigen allgemeinen Merkmalen zuzugreifen, die anhand einer Reihe von Kriterien im Endger\u00e4t des Nutzers vordefiniert sind, wie z. B. die Sprache, die Art des Browsers, der f\u00fcr den Zugriff auf den Dienst verwendet wird, die regionale Konfiguration, von der aus auf den Dienst zugegriffen wird, usw.<\/li>\n<li><em>Analyse-Cookies<\/em>: Es handelt sich um Cookies, die entweder von uns oder von Dritten verarbeitet werden und die es uns erm\u00f6glichen, die Anzahl der Nutzer zu quantifizieren und somit die Nutzung des angebotenen Dienstes durch die Nutzer zu messen und statistisch zu analysieren. Zu diesem Zweck wird Ihr Surfverhalten auf unserer Website analysiert, um das Angebot an Produkten und Dienstleistungen f\u00fcr Sie zu verbessern.<\/li>\n<li><em>Cookies<\/em> Werbung: Es handelt sich um Daten, die entweder von uns oder von Dritten verarbeitet werden und die es uns erm\u00f6glichen, das Angebot an Werbefl\u00e4chen auf der Website so effizient wie m\u00f6glich zu verwalten, indem wir den Inhalt der Werbung an den Inhalt der angeforderten Dienstleistung oder an die Nutzung unserer Website durch Sie anpassen. Zu diesem Zweck k\u00f6nnen wir Ihre Internet-Browsing-Gewohnheiten analysieren und Ihnen Werbung zeigen, die mit Ihrem Browsing-Profil zusammenh\u00e4ngt.<\/li>\n<li><em>Cookies<\/em> f\u00fcr verhaltensbasierte Werbung: Es handelt sich um Cookies, die eine m\u00f6glichst effiziente Verwaltung der Werbefl\u00e4chen erm\u00f6glichen, die der Herausgeber gegebenenfalls auf einer Website, Anwendung oder Plattform, von der aus der angeforderte Dienst erbracht wird, eingef\u00fcgt hat. In diesen Cookies werden Informationen \u00fcber das Verhalten der Nutzer gespeichert, die durch die kontinuierliche Beobachtung ihrer Surfgewohnheiten gewonnen werden und die es erm\u00f6glichen, ein spezifisches Profil zu erstellen, um darauf basierende Werbung anzuzeigen.<\/li>\n<li><em>Cookies<\/em> von Drittanbietern: Die Website kann Dienste von Drittanbietern in Anspruch nehmen, die im Auftrag dieser Website Informationen zu statistischen Zwecken, zur Nutzung der Website durch den Nutzer und zur Erbringung anderer Dienstleistungen im Zusammenhang mit der T\u00e4tigkeit dieser Website und anderer Internetdienste zusammenstellen.<\/li>\n<\/ul>\n<h2><strong>Verwendete <em>Cookies<\/em> von Dritten<\/strong><\/h2>\n<p>Diese Website benutzt insbesondere <a href=\"https:\/\/www.google.es\/analytics\/\" target=\"_blank\" rel=\"noreferrer noopener\">Google Analytics<\/a>, einen Webanalysedienst der <a href=\"https:\/\/www.google.es\/\" target=\"_blank\" rel=\"noreferrer noopener\">Google, Inc<\/a>., mit Sitz in den Vereinigten Staaten, 1600 Amphitheatre Parkway, Mountain View, 94043, Kalifornien. F\u00fcr die Erbringung dieser Dienstleistungen nutzen sie <em>cookies<\/em> die Informationen, einschlie\u00dflich der IP-Adresse des Nutzers, die an Google \u00fcbertragen, verarbeitet und gespeichert werden, unter den auf der Website von Google festgelegten Bedingungen, einschlie\u00dflich der m\u00f6glichen \u00dcbertragung dieser Informationen an Dritte aus rechtlichen Gr\u00fcnden oder wenn diese Dritten die Informationen im Auftrag von Google verarbeiten.<\/p>\n<figure class=\"wp-block-table\">\n<table>\n<tbody>\n<tr>\n<td>Cookie-Name<\/td>\n<td>Verwaltung<\/td>\n<td>Beschreibung<\/td>\n<\/tr>\n<tr>\n<td>sessionid<\/td>\n<td>Eigene<\/td>\n<td>Sie erm\u00f6glichen es Ihnen, Aktivit\u00e4ten auf der Website zu buchen. Aufbewahrung: Bis zum Ende der Sitzung<\/td>\n<\/tr>\n<tr>\n<td>csrftoken<\/td>\n<td>Eigene<\/td>\n<td>Dient als In-Session-Authentifizierung zur Validierung von Formularen. Aufbewahrung: Bis zum Ende der Sitzung<\/td>\n<\/tr>\n<tr>\n<td>django_language<\/td>\n<td>Eigene<\/td>\n<td>Speichert die Standardsprache des Benutzers, um das Laden von Inhalten in dieser Sprache zu erleichtern. Konservierung: 12 Monate<\/td>\n<\/tr>\n<tr>\n<td>django_privacy<\/td>\n<td>Eigene<\/td>\n<td>Sie erm\u00f6glichen es zu wissen, ob die Cookie-Meldung dem Benutzer angezeigt werden soll oder nicht. Konservierung: 12 Monate<\/td>\n<\/tr>\n<tr>\n<td>_ga<\/td>\n<td>Dritte Parteien<\/td>\n<td><a href=\"https:\/\/developers.google.com\/analytics\/devguides\/collection\/analyticsjs\/cookie-usage\" target=\"_blank\" rel=\"noreferrer noopener\">Google Analytics:<\/a> Besucherverfolgung<\/td>\n<\/tr>\n<tr>\n<td>_gid<\/td>\n<td>Dritte Parteien<\/td>\n<td><a href=\"https:\/\/developers.google.com\/analytics\/devguides\/collection\/analyticsjs\/cookie-usage\" target=\"_blank\" rel=\"noreferrer noopener\">Google Analytics:<\/a> Unterscheidung der Benutzer. Lagerung: 24 Stunden<\/td>\n<\/tr>\n<tr>\n<td>_gat<\/td>\n<td>Dritte Parteien<\/td>\n<td><a href=\"https:\/\/developers.google.com\/analytics\/devguides\/collection\/analyticsjs\/cookie-usage\" target=\"_blank\" rel=\"noreferrer noopener\">Google Analytics:<\/a> Einschr\u00e4nkung der Daten. Konservierung: 10 Minuten<\/td>\n<\/tr>\n<tr>\n<td>NID<\/td>\n<td>Dritte Parteien<\/td>\n<td><a href=\"https:\/\/developers.google.com\/analytics\/devguides\/collection\/analyticsjs\/cookie-usage\" target=\"_blank\" rel=\"noreferrer noopener\">Google Analytics:<\/a> Sammelt Informationen aus Cookies. Konservierung: 6 Monate<\/td>\n<\/tr>\n<tr>\n<td>__cfduid<\/td>\n<td>Dritte Parteien<\/td>\n<td><a href=\"https:\/\/developers.cloudflare.com\/fundamentals\/reference\/policies-compliances\/cloudflare-cookies\/\" target=\"_blank\" rel=\"noreferrer noopener\">Cloudflare:<\/a> Identifiziert vertrauensw\u00fcrdigen Webverkehr. Sie entspricht keiner Benutzerkennung in der Webanwendung und speichert auch keine personenbezogenen Daten.<\/td>\n<\/tr>\n<\/tbody>\n<\/table>\n<\/figure>\n<h2><strong>Zustimmung<\/strong><\/h2>\n<p>Durch die Nutzung dieser Website erkl\u00e4rt sich der Nutzer ausdr\u00fccklich mit der Verarbeitung der gesammelten Informationen in der oben genannten Weise und zu den oben genannten Zwecken einverstanden. Er\/sie best\u00e4tigt auch, dass er\/sie sich der M\u00f6glichkeit bewusst ist, die Verarbeitung dieser Daten oder Informationen zu verweigern, indem er\/sie die Verwendung von <em>cookies<\/em> indem Sie die entsprechenden Einstellungen in Ihrem Browser vornehmen, obwohl diese M\u00f6glichkeit der Blockierung der Nutzung des <em>cookies<\/em> in Ihrem Browser kann es sein, dass Sie nicht alle Funktionen der Website in vollem Umfang nutzen k\u00f6nnen.<\/p>\n<h2><strong>Verwaltung von <em>cookies<\/em><\/strong><\/h2>\n<p>Sie k\u00f6nnen die auf Ihrem Computer installierten Cookies zulassen, blockieren oder l\u00f6schen, indem Sie die auf Ihrem Computer installierten Browseroptionen konfigurieren:<br \/><a href=\"https:\/\/support.google.com\/chrome\/answer\/95647?hl=es\" target=\"_blank\" rel=\"noreferrer noopener\">Google Chrome<\/a><br \/><a href=\"http:\/\/windows.microsoft.com\/es-es\/windows7\/how-to-manage-cookies-in-internet-explorer-9\" target=\"_blank\" rel=\"noreferrer noopener\">Internet Explorer<\/a><br \/><a href=\"https:\/\/support.mozilla.org\/es\/kb\/habilitar-y-deshabilitar-cookies-que-los-sitios-we\" target=\"_blank\" rel=\"noreferrer noopener\">Mozilla Firefox<\/a><br \/><a href=\"https:\/\/support.apple.com\/kb\/PH19214?locale=es_ES\" target=\"_blank\" rel=\"noreferrer noopener\">Apple Safari<\/a><br \/><a href=\"http:\/\/help.opera.com\/Linux\/10.60\/es-ES\/cookies.html\" target=\"_blank\" rel=\"noreferrer noopener\">Opera Browser<\/a><\/p>\n<h2><strong>\u00c4nderungen<\/strong><\/h2>\n<p>Wenn wir uns entscheiden, unsere <em>Cookie<\/em>-Richtlinie zu \u00e4ndern, werden wir das \u00c4nderungsdatum in diesem Dokument aktualisieren.<\/p>\n<h2><strong>Wie Sie uns kontaktieren k\u00f6nnen<\/strong><\/h2>\n<p>Wenn Sie Fragen zu dieser Cookie-Richtlinie haben, k\u00f6nnen Sie uns \u00fcber die auf unserer <a href=\"https:\/\/metacharter.feimweb.com\/de\/kontakt\/\">Kontaktseite<\/a> verf\u00fcgbaren Mechanismen kontaktieren.<\/p>\n\t\t\t\t\t\t<\/div>\n\t\t\t\t<\/div>\n\t\t\t\t\t<\/div>\n\t\t<\/div>\n\t\t\t\t\t<\/div>\n\t\t<\/section>\n\t\t\t\t<\/div>\n\t\t","protected":false},"excerpt":{"rendered":"<p>Ein Cookie ist eine Datei, die auf Ihren Computer heruntergeladen wird, wenn Sie bestimmte Webseiten aufrufen. Cookies erm\u00f6glichen es einer Website unter anderem, Informationen \u00fcber die Surfgewohnheiten eines Nutzers oder seines Ger\u00e4ts zu speichern und abzurufen, und je nach den enthaltenen Informationen und der Art und Weise, wie er sein Ger\u00e4t benutzt, k\u00f6nnen sie zur [&hellip;]<\/p>\n","protected":false},"author":4,"featured_media":0,"parent":0,"menu_order":0,"comment_status":"closed","ping_status":"closed","template":"elementor_header_footer","meta":{"_joinchat":[],"footnotes":""},"class_list":["post-7979","page","type-page","status-publish","hentry"],"yoast_head":"<!-- This site is optimized with the Yoast SEO plugin v22.2 - https:\/\/yoast.com\/wordpress\/plugins\/seo\/ -->\n<title>Cookies-Politik - Meta Charter Mallorca<\/title>\n<meta name=\"description\" content=\"Unsere Cookie-Politik garantiert ein komfortables und personalisiertes Surferlebnis. Erfahren Sie, wie wir Cookies auf unserer Website verwenden.\" \/>\n<meta name=\"robots\" content=\"noindex, follow, max-snippet:-1, max-image-preview:large, max-video-preview:-1\" \/>\n<meta property=\"og:locale\" content=\"de_DE\" \/>\n<meta property=\"og:type\" content=\"article\" \/>\n<meta property=\"og:title\" content=\"Cookies-Politik - Meta Charter Mallorca\" \/>\n<meta property=\"og:description\" content=\"Unsere Cookie-Politik garantiert ein komfortables und personalisiertes Surferlebnis. Erfahren Sie, wie wir Cookies auf unserer Website verwenden.\" \/>\n<meta property=\"og:url\" content=\"https:\/\/metacharter.feimweb.com\/de\/cookies-politik\/\" \/>\n<meta property=\"og:site_name\" content=\"Meta Charter Mallorca\" \/>\n<meta property=\"article:modified_time\" content=\"2024-02-24T22:27:46+00:00\" \/>\n<meta name=\"twitter:card\" content=\"summary_large_image\" \/>\n<meta name=\"twitter:label1\" content=\"Gesch\u00e4tzte Lesezeit\" \/>\n\t<meta name=\"twitter:data1\" content=\"5\u00a0Minuten\" \/>\n<script type=\"application\/ld+json\" class=\"yoast-schema-graph\">{\"@context\":\"https:\/\/schema.org\",\"@graph\":[{\"@type\":\"WebPage\",\"@id\":\"https:\/\/metacharter.feimweb.com\/de\/cookies-politik\/\",\"url\":\"https:\/\/metacharter.feimweb.com\/de\/cookies-politik\/\",\"name\":\"Cookies-Politik - Meta Charter Mallorca\",\"isPartOf\":{\"@id\":\"https:\/\/metacharter.feimweb.com\/de\/#website\"},\"datePublished\":\"2023-11-07T12:03:36+00:00\",\"dateModified\":\"2024-02-24T22:27:46+00:00\",\"description\":\"Unsere Cookie-Politik garantiert ein komfortables und personalisiertes Surferlebnis. Erfahren Sie, wie wir Cookies auf unserer Website verwenden.\",\"breadcrumb\":{\"@id\":\"https:\/\/metacharter.feimweb.com\/de\/cookies-politik\/#breadcrumb\"},\"inLanguage\":\"de\",\"potentialAction\":[{\"@type\":\"ReadAction\",\"target\":[\"https:\/\/metacharter.feimweb.com\/de\/cookies-politik\/\"]}]},{\"@type\":\"BreadcrumbList\",\"@id\":\"https:\/\/metacharter.feimweb.com\/de\/cookies-politik\/#breadcrumb\",\"itemListElement\":[{\"@type\":\"ListItem\",\"position\":1,\"name\":\"Portada\",\"item\":\"https:\/\/metacharter.feimweb.com\/de\/\"},{\"@type\":\"ListItem\",\"position\":2,\"name\":\"Cookies-Politik\"}]},{\"@type\":\"WebSite\",\"@id\":\"https:\/\/metacharter.feimweb.com\/de\/#website\",\"url\":\"https:\/\/metacharter.feimweb.com\/de\/\",\"name\":\"Meta Charter Mallorca\",\"description\":\"\",\"potentialAction\":[{\"@type\":\"SearchAction\",\"target\":{\"@type\":\"EntryPoint\",\"urlTemplate\":\"https:\/\/metacharter.feimweb.com\/de\/?s={search_term_string}\"},\"query-input\":\"required name=search_term_string\"}],\"inLanguage\":\"de\"}]}<\/script>\n<!-- \/ Yoast SEO plugin. -->","yoast_head_json":{"title":"Cookies-Politik - Meta Charter Mallorca","description":"Unsere Cookie-Politik garantiert ein komfortables und personalisiertes Surferlebnis. Erfahren Sie, wie wir Cookies auf unserer Website verwenden.","robots":{"index":"noindex","follow":"follow","max-snippet":"max-snippet:-1","max-image-preview":"max-image-preview:large","max-video-preview":"max-video-preview:-1"},"og_locale":"de_DE","og_type":"article","og_title":"Cookies-Politik - Meta Charter Mallorca","og_description":"Unsere Cookie-Politik garantiert ein komfortables und personalisiertes Surferlebnis. Erfahren Sie, wie wir Cookies auf unserer Website verwenden.","og_url":"https:\/\/metacharter.feimweb.com\/de\/cookies-politik\/","og_site_name":"Meta Charter Mallorca","article_modified_time":"2024-02-24T22:27:46+00:00","twitter_card":"summary_large_image","twitter_misc":{"Gesch\u00e4tzte Lesezeit":"5\u00a0Minuten"},"schema":{"@context":"https:\/\/schema.org","@graph":[{"@type":"WebPage","@id":"https:\/\/metacharter.feimweb.com\/de\/cookies-politik\/","url":"https:\/\/metacharter.feimweb.com\/de\/cookies-politik\/","name":"Cookies-Politik - Meta Charter Mallorca","isPartOf":{"@id":"https:\/\/metacharter.feimweb.com\/de\/#website"},"datePublished":"2023-11-07T12:03:36+00:00","dateModified":"2024-02-24T22:27:46+00:00","description":"Unsere Cookie-Politik garantiert ein komfortables und personalisiertes Surferlebnis. Erfahren Sie, wie wir Cookies auf unserer Website verwenden.","breadcrumb":{"@id":"https:\/\/metacharter.feimweb.com\/de\/cookies-politik\/#breadcrumb"},"inLanguage":"de","potentialAction":[{"@type":"ReadAction","target":["https:\/\/metacharter.feimweb.com\/de\/cookies-politik\/"]}]},{"@type":"BreadcrumbList","@id":"https:\/\/metacharter.feimweb.com\/de\/cookies-politik\/#breadcrumb","itemListElement":[{"@type":"ListItem","position":1,"name":"Portada","item":"https:\/\/metacharter.feimweb.com\/de\/"},{"@type":"ListItem","position":2,"name":"Cookies-Politik"}]},{"@type":"WebSite","@id":"https:\/\/metacharter.feimweb.com\/de\/#website","url":"https:\/\/metacharter.feimweb.com\/de\/","name":"Meta Charter Mallorca","description":"","potentialAction":[{"@type":"SearchAction","target":{"@type":"EntryPoint","urlTemplate":"https:\/\/metacharter.feimweb.com\/de\/?s={search_term_string}"},"query-input":"required name=search_term_string"}],"inLanguage":"de"}]}},"_links":{"self":[{"href":"https:\/\/metacharter.feimweb.com\/de\/wp-json\/wp\/v2\/pages\/7979","targetHints":{"allow":["GET"]}}],"collection":[{"href":"https:\/\/metacharter.feimweb.com\/de\/wp-json\/wp\/v2\/pages"}],"about":[{"href":"https:\/\/metacharter.feimweb.com\/de\/wp-json\/wp\/v2\/types\/page"}],"author":[{"embeddable":true,"href":"https:\/\/metacharter.feimweb.com\/de\/wp-json\/wp\/v2\/users\/4"}],"replies":[{"embeddable":true,"href":"https:\/\/metacharter.feimweb.com\/de\/wp-json\/wp\/v2\/comments?post=7979"}],"version-history":[{"count":8,"href":"https:\/\/metacharter.feimweb.com\/de\/wp-json\/wp\/v2\/pages\/7979\/revisions"}],"predecessor-version":[{"id":8879,"href":"https:\/\/metacharter.feimweb.com\/de\/wp-json\/wp\/v2\/pages\/7979\/revisions\/8879"}],"wp:attachment":[{"href":"https:\/\/metacharter.feimweb.com\/de\/wp-json\/wp\/v2\/media?parent=7979"}],"curies":[{"name":"wp","href":"https:\/\/api.w.org\/{rel}","templated":true}]}}