{"id":7964,"date":"2023-11-07T13:19:40","date_gmt":"2023-11-07T12:19:40","guid":{"rendered":"https:\/\/metachartermallorca.com\/buchungsbedingungen\/"},"modified":"2024-03-26T09:07:48","modified_gmt":"2024-03-26T08:07:48","slug":"buchungsbedingungen","status":"publish","type":"page","link":"https:\/\/metacharter.feimweb.com\/de\/buchungsbedingungen\/","title":{"rendered":"Buchungsbedingungen"},"content":{"rendered":"\t\t<div data-elementor-type=\"wp-page\" data-elementor-id=\"7964\" class=\"elementor elementor-7964 elementor-6887\">\n\t\t\t\t\t\t<section class=\"elementor-section elementor-top-section elementor-element elementor-element-b9b7ad1 elementor-section-boxed elementor-section-height-default elementor-section-height-default\" data-id=\"b9b7ad1\" data-element_type=\"section\">\n\t\t\t\t\t\t<div class=\"elementor-container elementor-column-gap-default\">\n\t\t\t\t\t<div class=\"elementor-column elementor-col-100 elementor-top-column elementor-element elementor-element-8949bb7\" data-id=\"8949bb7\" data-element_type=\"column\">\n\t\t\t<div class=\"elementor-widget-wrap elementor-element-populated\">\n\t\t\t\t\t\t<div class=\"elementor-element elementor-element-6628b35 elementor-widget elementor-widget-text-editor\" data-id=\"6628b35\" data-element_type=\"widget\" data-widget_type=\"text-editor.default\">\n\t\t\t\t<div class=\"elementor-widget-container\">\n\t\t\t\t\t\t\t<h2><strong>\u00a71 Aussetzungsbedingung<\/strong><\/h2>\n<p>(1) Die G\u00fcltigkeit dieses Vertrages unterliegt als aufschiebende Bedingung der Zahlung des Betrages durch den Charterer, der der in der nachstehenden allgemeinen Bedingung festgelegten Buchung entspricht, und die Buchungen werden erst nach dieser Zahlung wirksam.<\/p>\n<h2><strong>\u00a72 Mietpreis und Kaution<\/strong><\/h2>\n<p>(1) Der Mietpreis enth\u00e4lt die im Chartervertrag aufgef\u00fchrten Preisbestandteile. Die Reservierungsgeb\u00fchr betr\u00e4gt 35 % des Gesamtmietpreises und muss sp\u00e4testens zwei Wochen nach der Buchung bezahlt werden. Der Restbetrag aus dem Mietvertrag muss vor der Einschiffung bezahlt werden.<\/p>\n<p>(2) F\u00fcr die in den allgemeinen und besonderen Bedingungen dieses Vertrages beschriebenen Zahlungen werden nur Bargeld, ein autorisierter Barscheck oder eine Bank\u00fcberweisung akzeptiert.<\/p>\n<p>(3) Am Tag der Verschiffung zahlt der Charterer an den Vermieter die in den besonderen Bedingungen angegebene Kaution, die als Sicherheit f\u00fcr Stornierung, Reparaturen, Bruch, Besch\u00e4digung, Diebstahl, Versp\u00e4tung bei der R\u00fcckgabe des Schiffes, Differenzen im Inventar und in der Ausr\u00fcstung, Schadensersatz, Missbrauch, Fahrl\u00e4ssigkeit und Strafen jeglicher Art, die in diesem Vertrag vereinbart wurden oder die als Folge der Erf\u00fcllung dieses Vertrages entstehen k\u00f6nnen, dient. Dies gilt unbeschadet rechtm\u00e4\u00dfiger rechtlicher Schritte zur R\u00fcckforderung von Betr\u00e4gen, die die Kaution \u00fcbersteigen k\u00f6nnen. <\/p>\n<p>(4) Wenn das Schiff innerhalb der vereinbarten Frist zur\u00fcckgegeben wurde, die Abnahmepr\u00fcfung durchgef\u00fchrt wurde und der Charterer alle Anforderungen erf\u00fcllt hat, die sich aus der Vereinbarung dieses Vertrags ergeben, wird die Sicherheit innerhalb von f\u00fcnfzehn Tagen ab dem Tag der Beladung zur\u00fcckgegeben. Bei Uneinigkeit zwischen den Parteien \u00fcber die Bedingungen der R\u00fcckgabe des Schiffes und der Waren im Inventar wird die Kaution nach Beendigung des Rechtsstreits zur\u00fcckerstattet.<\/p>\n<h2><strong>\u00a73 Versicherung<\/strong><\/h2>\n<p>(1) F\u00fcr das Schiff, das Gegenstand dieses Vertrages ist, besteht eine Versicherungspolice, von der eine Kopie beigef\u00fcgt ist, und der Charterer erkl\u00e4rt, dass er den Inhalt und den Umfang des Versicherungsschutzes kennt und sich verpflichtet, die erforderlichen Ma\u00dfnahmen zu ergreifen, um den darin beschriebenen Verpflichtungen nachzukommen, und dass er allein f\u00fcr die Folgen verantwortlich ist, die sich gegebenenfalls aus der Nichterf\u00fcllung dieser Verpflichtungen ergeben. <\/p>\n<h2><strong>\u00a74 Verwendungsbedingungen<\/strong><\/h2>\n<p> (1) Der Charterer haftet f\u00fcr alle Handlungen der in der Passagierliste aufgef\u00fchrten Personen, die in keinem Fall die H\u00f6chstkapazit\u00e4t des Schiffes \u00fcberschreiten d\u00fcrfen. <\/p>\n<p>2) Es ist ausdr\u00fccklich verboten, das Schiff f\u00fcr die Bef\u00f6rderung von anderen als den im vorigen Punkt genannten G\u00fctern, Passagieren, Waffen, Tieren, Drogen oder anderen giftigen oder gef\u00e4hrlichen Stoffen zu benutzen. Der Charterer verpflichtet sich, das Schiff ausschlie\u00dflich als Touristen- oder Freizeitcharter zu nutzen und darf es daher unter keinen Umst\u00e4nden f\u00fcr kommerzielle Zwecke, Berufsfischerei, Transport, sportliche Wettk\u00e4mpfe und andere Aktivit\u00e4ten, die mit der vorgesehenen Nutzung des Schiffes unvereinbar sind, einsetzen.<\/p>\n<p>3) Der Charterer ist als alleiniger Verantwortlicher f\u00fcr das Schiff w\u00e4hrend der Charterzeit verpflichtet, das Schiff verantwortungsvoll und unter Beachtung der Vorschriften der zust\u00e4ndigen Beh\u00f6rden zu nutzen und tr\u00e4gt die alleinige und ausschlie\u00dfliche Verantwortung f\u00fcr die Folgen der Nichteinhaltung dieser Vorschriften. Missbrauch oder Fahrl\u00e4ssigkeit in Bezug auf das Schiff, die gegen geltendes Recht seitens des Charterers versto\u00dfen, sind ausreichende Gr\u00fcnde f\u00fcr eine sofortige K\u00fcndigung des Vertrags. Bei Verst\u00f6\u00dfen des Charterers gegen Zollvorschriften oder sonstige beh\u00f6rdliche Bestimmungen haftet der Charterer f\u00fcr alle daraus entstehenden Bu\u00dfgelder, Strafen und Haftungen sowie deren Folgen. Der Charterer verpflichtet sich, die Gebrauchsanweisungen f\u00fcr die an Bord befindliche Ausr\u00fcstung zu beachten. Der \u00d6lstand, die K\u00fchlfl\u00fcssigkeit und die Bilgen sollten t\u00e4glich kontrolliert werden. Der Charterer haftet f\u00fcr Sch\u00e4den, die sich aus der Nichteinhaltung und Nichtbeachtung der Wartungs- und Reparaturvorschriften ergeben.<\/p>\n<p>(4) Der Charterer verpflichtet sich, die gecharterte Yacht so zu behandeln, als w\u00e4re sie sein Eigentum, und zwar nach den Regeln guter Seemannschaft.<\/p>\n<p>(5) Der Charterer darf die Yacht nicht an Dritte weitergeben oder verchartern. <\/p>\n<p>(6) Der Charterer ist verpflichtet, die vom Hafenmeisteramt vorgenommenen An-, Ab- und Ummeldungen zu beachten.<\/p>\n<p>(7) Bei Havarien, zu erwartender Versp\u00e4tung, Verlust, Man\u00f6vrierunf\u00e4higkeit, Beschlagnahme\/Beschlagnahme oder Behinderung der Yacht durch Beh\u00f6rden oder externe Beauftragte oder Beobachter ist der Vermieter unverz\u00fcglich zu informieren. Ist die Beschlagnahme oder Behinderung auf ein Verschulden des Charterers zur\u00fcckzuf\u00fchren, so haftet dieser dem Vercharterer f\u00fcr alle sich daraus ergebenden Folgen. Der Vertrag gilt als verl\u00e4ngert bis zur R\u00fcckgabe der Yacht mit der Verpflichtung zur Zahlung der Geb\u00fchren durch den Charterer. Das Recht auf Schadenersatz wird dadurch jedoch nicht ber\u00fchrt.<\/p>\n\t\t\t\t\t\t<\/div>\n\t\t\t\t<\/div>\n\t\t\t\t\t<\/div>\n\t\t<\/div>\n\t\t\t\t\t<\/div>\n\t\t<\/section>\n\t\t\t\t<\/div>\n\t\t","protected":false},"excerpt":{"rendered":"<p>\u00a71 Aussetzungsbedingung (1) Die G\u00fcltigkeit dieses Vertrages unterliegt als aufschiebende Bedingung der Zahlung des Betrages durch den Charterer, der der in der nachstehenden allgemeinen Bedingung festgelegten Buchung entspricht, und die Buchungen werden erst nach dieser Zahlung wirksam. \u00a72 Mietpreis und Kaution (1) Der Mietpreis enth\u00e4lt die im Chartervertrag aufgef\u00fchrten Preisbestandteile. Die Reservierungsgeb\u00fchr betr\u00e4gt 35 % [&hellip;]<\/p>\n","protected":false},"author":4,"featured_media":0,"parent":0,"menu_order":0,"comment_status":"closed","ping_status":"closed","template":"elementor_header_footer","meta":{"_joinchat":[],"footnotes":""},"class_list":["post-7964","page","type-page","status-publish","hentry"],"yoast_head":"<!-- This site is optimized with the Yoast SEO plugin v22.2 - https:\/\/yoast.com\/wordpress\/plugins\/seo\/ -->\n<title>Buchungsbedingungen - Meta Charter Mallorca<\/title>\n<meta name=\"description\" content=\"Alles, was Sie \u00fcber unsere Buchungsbedingungen wissen m\u00fcssen. Einfacher und transparenter Prozess f\u00fcr Ihren Bootsverleih auf Mallorca.\" \/>\n<meta name=\"robots\" content=\"noindex, follow, max-snippet:-1, max-image-preview:large, max-video-preview:-1\" \/>\n<meta property=\"og:locale\" content=\"de_DE\" \/>\n<meta property=\"og:type\" content=\"article\" \/>\n<meta property=\"og:title\" content=\"Buchungsbedingungen - Meta Charter Mallorca\" \/>\n<meta property=\"og:description\" content=\"Alles, was Sie \u00fcber unsere Buchungsbedingungen wissen m\u00fcssen. Einfacher und transparenter Prozess f\u00fcr Ihren Bootsverleih auf Mallorca.\" \/>\n<meta property=\"og:url\" content=\"https:\/\/metacharter.feimweb.com\/de\/buchungsbedingungen\/\" \/>\n<meta property=\"og:site_name\" content=\"Meta Charter Mallorca\" \/>\n<meta property=\"article:modified_time\" content=\"2024-03-26T08:07:48+00:00\" \/>\n<meta name=\"twitter:card\" content=\"summary_large_image\" \/>\n<meta name=\"twitter:label1\" content=\"Gesch\u00e4tzte Lesezeit\" \/>\n\t<meta name=\"twitter:data1\" content=\"4\u00a0Minuten\" \/>\n<script type=\"application\/ld+json\" class=\"yoast-schema-graph\">{\"@context\":\"https:\/\/schema.org\",\"@graph\":[{\"@type\":\"WebPage\",\"@id\":\"https:\/\/metacharter.feimweb.com\/de\/buchungsbedingungen\/\",\"url\":\"https:\/\/metacharter.feimweb.com\/de\/buchungsbedingungen\/\",\"name\":\"Buchungsbedingungen - Meta Charter Mallorca\",\"isPartOf\":{\"@id\":\"https:\/\/metacharter.feimweb.com\/de\/#website\"},\"datePublished\":\"2023-11-07T12:19:40+00:00\",\"dateModified\":\"2024-03-26T08:07:48+00:00\",\"description\":\"Alles, was Sie \u00fcber unsere Buchungsbedingungen wissen m\u00fcssen. Einfacher und transparenter Prozess f\u00fcr Ihren Bootsverleih auf Mallorca.\",\"breadcrumb\":{\"@id\":\"https:\/\/metacharter.feimweb.com\/de\/buchungsbedingungen\/#breadcrumb\"},\"inLanguage\":\"de\",\"potentialAction\":[{\"@type\":\"ReadAction\",\"target\":[\"https:\/\/metacharter.feimweb.com\/de\/buchungsbedingungen\/\"]}]},{\"@type\":\"BreadcrumbList\",\"@id\":\"https:\/\/metacharter.feimweb.com\/de\/buchungsbedingungen\/#breadcrumb\",\"itemListElement\":[{\"@type\":\"ListItem\",\"position\":1,\"name\":\"Portada\",\"item\":\"https:\/\/metacharter.feimweb.com\/de\/\"},{\"@type\":\"ListItem\",\"position\":2,\"name\":\"Buchungsbedingungen\"}]},{\"@type\":\"WebSite\",\"@id\":\"https:\/\/metacharter.feimweb.com\/de\/#website\",\"url\":\"https:\/\/metacharter.feimweb.com\/de\/\",\"name\":\"Meta Charter Mallorca\",\"description\":\"\",\"potentialAction\":[{\"@type\":\"SearchAction\",\"target\":{\"@type\":\"EntryPoint\",\"urlTemplate\":\"https:\/\/metacharter.feimweb.com\/de\/?s={search_term_string}\"},\"query-input\":\"required name=search_term_string\"}],\"inLanguage\":\"de\"}]}<\/script>\n<!-- \/ Yoast SEO plugin. -->","yoast_head_json":{"title":"Buchungsbedingungen - Meta Charter Mallorca","description":"Alles, was Sie \u00fcber unsere Buchungsbedingungen wissen m\u00fcssen. Einfacher und transparenter Prozess f\u00fcr Ihren Bootsverleih auf Mallorca.","robots":{"index":"noindex","follow":"follow","max-snippet":"max-snippet:-1","max-image-preview":"max-image-preview:large","max-video-preview":"max-video-preview:-1"},"og_locale":"de_DE","og_type":"article","og_title":"Buchungsbedingungen - Meta Charter Mallorca","og_description":"Alles, was Sie \u00fcber unsere Buchungsbedingungen wissen m\u00fcssen. Einfacher und transparenter Prozess f\u00fcr Ihren Bootsverleih auf Mallorca.","og_url":"https:\/\/metacharter.feimweb.com\/de\/buchungsbedingungen\/","og_site_name":"Meta Charter Mallorca","article_modified_time":"2024-03-26T08:07:48+00:00","twitter_card":"summary_large_image","twitter_misc":{"Gesch\u00e4tzte Lesezeit":"4\u00a0Minuten"},"schema":{"@context":"https:\/\/schema.org","@graph":[{"@type":"WebPage","@id":"https:\/\/metacharter.feimweb.com\/de\/buchungsbedingungen\/","url":"https:\/\/metacharter.feimweb.com\/de\/buchungsbedingungen\/","name":"Buchungsbedingungen - Meta Charter Mallorca","isPartOf":{"@id":"https:\/\/metacharter.feimweb.com\/de\/#website"},"datePublished":"2023-11-07T12:19:40+00:00","dateModified":"2024-03-26T08:07:48+00:00","description":"Alles, was Sie \u00fcber unsere Buchungsbedingungen wissen m\u00fcssen. Einfacher und transparenter Prozess f\u00fcr Ihren Bootsverleih auf Mallorca.","breadcrumb":{"@id":"https:\/\/metacharter.feimweb.com\/de\/buchungsbedingungen\/#breadcrumb"},"inLanguage":"de","potentialAction":[{"@type":"ReadAction","target":["https:\/\/metacharter.feimweb.com\/de\/buchungsbedingungen\/"]}]},{"@type":"BreadcrumbList","@id":"https:\/\/metacharter.feimweb.com\/de\/buchungsbedingungen\/#breadcrumb","itemListElement":[{"@type":"ListItem","position":1,"name":"Portada","item":"https:\/\/metacharter.feimweb.com\/de\/"},{"@type":"ListItem","position":2,"name":"Buchungsbedingungen"}]},{"@type":"WebSite","@id":"https:\/\/metacharter.feimweb.com\/de\/#website","url":"https:\/\/metacharter.feimweb.com\/de\/","name":"Meta Charter Mallorca","description":"","potentialAction":[{"@type":"SearchAction","target":{"@type":"EntryPoint","urlTemplate":"https:\/\/metacharter.feimweb.com\/de\/?s={search_term_string}"},"query-input":"required name=search_term_string"}],"inLanguage":"de"}]}},"_links":{"self":[{"href":"https:\/\/metacharter.feimweb.com\/de\/wp-json\/wp\/v2\/pages\/7964","targetHints":{"allow":["GET"]}}],"collection":[{"href":"https:\/\/metacharter.feimweb.com\/de\/wp-json\/wp\/v2\/pages"}],"about":[{"href":"https:\/\/metacharter.feimweb.com\/de\/wp-json\/wp\/v2\/types\/page"}],"author":[{"embeddable":true,"href":"https:\/\/metacharter.feimweb.com\/de\/wp-json\/wp\/v2\/users\/4"}],"replies":[{"embeddable":true,"href":"https:\/\/metacharter.feimweb.com\/de\/wp-json\/wp\/v2\/comments?post=7964"}],"version-history":[{"count":2,"href":"https:\/\/metacharter.feimweb.com\/de\/wp-json\/wp\/v2\/pages\/7964\/revisions"}],"predecessor-version":[{"id":9320,"href":"https:\/\/metacharter.feimweb.com\/de\/wp-json\/wp\/v2\/pages\/7964\/revisions\/9320"}],"wp:attachment":[{"href":"https:\/\/metacharter.feimweb.com\/de\/wp-json\/wp\/v2\/media?parent=7964"}],"curies":[{"name":"wp","href":"https:\/\/api.w.org\/{rel}","templated":true}]}}