{"id":7962,"date":"2023-11-07T13:24:24","date_gmt":"2023-11-07T12:24:24","guid":{"rendered":"https:\/\/metachartermallorca.com\/annullierungsbedingungen\/"},"modified":"2024-02-24T21:51:11","modified_gmt":"2024-02-24T20:51:11","slug":"annullierungsbedingungen","status":"publish","type":"page","link":"https:\/\/metacharter.feimweb.com\/de\/annullierungsbedingungen\/","title":{"rendered":"Annullierungsbedingungen"},"content":{"rendered":"\t\t<div data-elementor-type=\"wp-page\" data-elementor-id=\"7962\" class=\"elementor elementor-7962 elementor-6894\">\n\t\t\t\t\t\t<section class=\"elementor-section elementor-top-section elementor-element elementor-element-b9b7ad1 elementor-section-boxed elementor-section-height-default elementor-section-height-default\" data-id=\"b9b7ad1\" data-element_type=\"section\">\n\t\t\t\t\t\t<div class=\"elementor-container elementor-column-gap-default\">\n\t\t\t\t\t<div class=\"elementor-column elementor-col-100 elementor-top-column elementor-element elementor-element-8949bb7\" data-id=\"8949bb7\" data-element_type=\"column\">\n\t\t\t<div class=\"elementor-widget-wrap elementor-element-populated\">\n\t\t\t\t\t\t<div class=\"elementor-element elementor-element-6628b35 elementor-widget elementor-widget-text-editor\" data-id=\"6628b35\" data-element_type=\"widget\" data-widget_type=\"text-editor.default\">\n\t\t\t\t<div class=\"elementor-widget-container\">\n\t\t\t\t\t\t\t<h2><strong>\u00a71 Annullierungen und Widerrufe<\/strong><\/h2>\n<p>(1) Tritt der Mieter einseitig vom Vertrag zur\u00fcck, so verf\u00e4llt die Reservierungskaution. Es wird ausdr\u00fccklich empfohlen, gleichzeitig mit der Bezahlung der Reservierung eine Mietr\u00fccktrittversicherung abzuschlie\u00dfen.<\/p>\n<h2><strong>\u00a72 Unm\u00f6glichkeit der \u00dcbergabe des Schiffes durch den Vermieter<\/strong><\/h2>\n<p>(1) Kann das gemietete Schiff wegen Besch\u00e4digung oder aus einem vom Vermieter nicht zu vertretenden Grund, der vor Beginn des Mietverh\u00e4ltnisses eingetreten ist, nicht abgeliefert werden, so ist dem Vermieter ein gleiches oder \u00e4hnliches Schiff zu liefern. Sollte dies nicht m\u00f6glich sein, erh\u00e4lt der Mieter nach seiner Wahl ein Boot einer niedrigeren Kategorie (mit entsprechender R\u00fcckerstattung der anteiligen Differenz des Mietpreises) oder er erh\u00e4lt den gesamten bis dahin gezahlten Mietpreis zur\u00fcck.<\/p>\t\t\t\t\t\t<\/div>\n\t\t\t\t<\/div>\n\t\t\t\t\t<\/div>\n\t\t<\/div>\n\t\t\t\t\t<\/div>\n\t\t<\/section>\n\t\t\t\t<\/div>\n\t\t","protected":false},"excerpt":{"rendered":"<p>\u00a71 Annullierungen und Widerrufe (1) Tritt der Mieter einseitig vom Vertrag zur\u00fcck, so verf\u00e4llt die Reservierungskaution. Es wird ausdr\u00fccklich empfohlen, gleichzeitig mit der Bezahlung der Reservierung eine Mietr\u00fccktrittversicherung abzuschlie\u00dfen. \u00a72 Unm\u00f6glichkeit der \u00dcbergabe des Schiffes durch den Vermieter (1) Kann das gemietete Schiff wegen Besch\u00e4digung oder aus einem vom Vermieter nicht zu vertretenden Grund, der [&hellip;]<\/p>\n","protected":false},"author":4,"featured_media":0,"parent":0,"menu_order":0,"comment_status":"closed","ping_status":"closed","template":"elementor_header_footer","meta":{"_joinchat":[],"footnotes":""},"class_list":["post-7962","page","type-page","status-publish","hentry"],"yoast_head":"<!-- This site is optimized with the Yoast SEO plugin v22.2 - https:\/\/yoast.com\/wordpress\/plugins\/seo\/ -->\n<title>Annullierungsbedingungen - Meta Charter Mallorca<\/title>\n<meta name=\"description\" content=\"Klare Informationen \u00fcber unsere Stornierungsbedingungen. Flexibilit\u00e4t und Sicherheit f\u00fcr Ihren Seelenfrieden beim Chartern eines Bootes.\" \/>\n<meta name=\"robots\" content=\"noindex, follow, max-snippet:-1, max-image-preview:large, max-video-preview:-1\" \/>\n<meta property=\"og:locale\" content=\"de_DE\" \/>\n<meta property=\"og:type\" content=\"article\" \/>\n<meta property=\"og:title\" content=\"Annullierungsbedingungen - Meta Charter Mallorca\" \/>\n<meta property=\"og:description\" content=\"Klare Informationen \u00fcber unsere Stornierungsbedingungen. Flexibilit\u00e4t und Sicherheit f\u00fcr Ihren Seelenfrieden beim Chartern eines Bootes.\" \/>\n<meta property=\"og:url\" content=\"https:\/\/metacharter.feimweb.com\/de\/annullierungsbedingungen\/\" \/>\n<meta property=\"og:site_name\" content=\"Meta Charter Mallorca\" \/>\n<meta property=\"article:modified_time\" content=\"2024-02-24T20:51:11+00:00\" \/>\n<meta name=\"twitter:card\" content=\"summary_large_image\" \/>\n<meta name=\"twitter:label1\" content=\"Gesch\u00e4tzte Lesezeit\" \/>\n\t<meta name=\"twitter:data1\" content=\"1\u00a0Minute\" \/>\n<script type=\"application\/ld+json\" class=\"yoast-schema-graph\">{\"@context\":\"https:\/\/schema.org\",\"@graph\":[{\"@type\":\"WebPage\",\"@id\":\"https:\/\/metacharter.feimweb.com\/de\/annullierungsbedingungen\/\",\"url\":\"https:\/\/metacharter.feimweb.com\/de\/annullierungsbedingungen\/\",\"name\":\"Annullierungsbedingungen - Meta Charter Mallorca\",\"isPartOf\":{\"@id\":\"https:\/\/metacharter.feimweb.com\/de\/#website\"},\"datePublished\":\"2023-11-07T12:24:24+00:00\",\"dateModified\":\"2024-02-24T20:51:11+00:00\",\"description\":\"Klare Informationen \u00fcber unsere Stornierungsbedingungen. Flexibilit\u00e4t und Sicherheit f\u00fcr Ihren Seelenfrieden beim Chartern eines Bootes.\",\"breadcrumb\":{\"@id\":\"https:\/\/metacharter.feimweb.com\/de\/annullierungsbedingungen\/#breadcrumb\"},\"inLanguage\":\"de\",\"potentialAction\":[{\"@type\":\"ReadAction\",\"target\":[\"https:\/\/metacharter.feimweb.com\/de\/annullierungsbedingungen\/\"]}]},{\"@type\":\"BreadcrumbList\",\"@id\":\"https:\/\/metacharter.feimweb.com\/de\/annullierungsbedingungen\/#breadcrumb\",\"itemListElement\":[{\"@type\":\"ListItem\",\"position\":1,\"name\":\"Portada\",\"item\":\"https:\/\/metacharter.feimweb.com\/de\/\"},{\"@type\":\"ListItem\",\"position\":2,\"name\":\"Annullierungsbedingungen\"}]},{\"@type\":\"WebSite\",\"@id\":\"https:\/\/metacharter.feimweb.com\/de\/#website\",\"url\":\"https:\/\/metacharter.feimweb.com\/de\/\",\"name\":\"Meta Charter Mallorca\",\"description\":\"\",\"potentialAction\":[{\"@type\":\"SearchAction\",\"target\":{\"@type\":\"EntryPoint\",\"urlTemplate\":\"https:\/\/metacharter.feimweb.com\/de\/?s={search_term_string}\"},\"query-input\":\"required name=search_term_string\"}],\"inLanguage\":\"de\"}]}<\/script>\n<!-- \/ Yoast SEO plugin. -->","yoast_head_json":{"title":"Annullierungsbedingungen - Meta Charter Mallorca","description":"Klare Informationen \u00fcber unsere Stornierungsbedingungen. Flexibilit\u00e4t und Sicherheit f\u00fcr Ihren Seelenfrieden beim Chartern eines Bootes.","robots":{"index":"noindex","follow":"follow","max-snippet":"max-snippet:-1","max-image-preview":"max-image-preview:large","max-video-preview":"max-video-preview:-1"},"og_locale":"de_DE","og_type":"article","og_title":"Annullierungsbedingungen - Meta Charter Mallorca","og_description":"Klare Informationen \u00fcber unsere Stornierungsbedingungen. Flexibilit\u00e4t und Sicherheit f\u00fcr Ihren Seelenfrieden beim Chartern eines Bootes.","og_url":"https:\/\/metacharter.feimweb.com\/de\/annullierungsbedingungen\/","og_site_name":"Meta Charter Mallorca","article_modified_time":"2024-02-24T20:51:11+00:00","twitter_card":"summary_large_image","twitter_misc":{"Gesch\u00e4tzte Lesezeit":"1\u00a0Minute"},"schema":{"@context":"https:\/\/schema.org","@graph":[{"@type":"WebPage","@id":"https:\/\/metacharter.feimweb.com\/de\/annullierungsbedingungen\/","url":"https:\/\/metacharter.feimweb.com\/de\/annullierungsbedingungen\/","name":"Annullierungsbedingungen - Meta Charter Mallorca","isPartOf":{"@id":"https:\/\/metacharter.feimweb.com\/de\/#website"},"datePublished":"2023-11-07T12:24:24+00:00","dateModified":"2024-02-24T20:51:11+00:00","description":"Klare Informationen \u00fcber unsere Stornierungsbedingungen. Flexibilit\u00e4t und Sicherheit f\u00fcr Ihren Seelenfrieden beim Chartern eines Bootes.","breadcrumb":{"@id":"https:\/\/metacharter.feimweb.com\/de\/annullierungsbedingungen\/#breadcrumb"},"inLanguage":"de","potentialAction":[{"@type":"ReadAction","target":["https:\/\/metacharter.feimweb.com\/de\/annullierungsbedingungen\/"]}]},{"@type":"BreadcrumbList","@id":"https:\/\/metacharter.feimweb.com\/de\/annullierungsbedingungen\/#breadcrumb","itemListElement":[{"@type":"ListItem","position":1,"name":"Portada","item":"https:\/\/metacharter.feimweb.com\/de\/"},{"@type":"ListItem","position":2,"name":"Annullierungsbedingungen"}]},{"@type":"WebSite","@id":"https:\/\/metacharter.feimweb.com\/de\/#website","url":"https:\/\/metacharter.feimweb.com\/de\/","name":"Meta Charter Mallorca","description":"","potentialAction":[{"@type":"SearchAction","target":{"@type":"EntryPoint","urlTemplate":"https:\/\/metacharter.feimweb.com\/de\/?s={search_term_string}"},"query-input":"required name=search_term_string"}],"inLanguage":"de"}]}},"_links":{"self":[{"href":"https:\/\/metacharter.feimweb.com\/de\/wp-json\/wp\/v2\/pages\/7962","targetHints":{"allow":["GET"]}}],"collection":[{"href":"https:\/\/metacharter.feimweb.com\/de\/wp-json\/wp\/v2\/pages"}],"about":[{"href":"https:\/\/metacharter.feimweb.com\/de\/wp-json\/wp\/v2\/types\/page"}],"author":[{"embeddable":true,"href":"https:\/\/metacharter.feimweb.com\/de\/wp-json\/wp\/v2\/users\/4"}],"replies":[{"embeddable":true,"href":"https:\/\/metacharter.feimweb.com\/de\/wp-json\/wp\/v2\/comments?post=7962"}],"version-history":[{"count":1,"href":"https:\/\/metacharter.feimweb.com\/de\/wp-json\/wp\/v2\/pages\/7962\/revisions"}],"predecessor-version":[{"id":7963,"href":"https:\/\/metacharter.feimweb.com\/de\/wp-json\/wp\/v2\/pages\/7962\/revisions\/7963"}],"wp:attachment":[{"href":"https:\/\/metacharter.feimweb.com\/de\/wp-json\/wp\/v2\/media?parent=7962"}],"curies":[{"name":"wp","href":"https:\/\/api.w.org\/{rel}","templated":true}]}}