{"id":7958,"date":"2023-08-21T17:46:40","date_gmt":"2023-08-21T15:46:40","guid":{"rendered":"https:\/\/metachartermallorca.com\/schiffe\/"},"modified":"2024-03-12T10:11:22","modified_gmt":"2024-03-12T09:11:22","slug":"schiffe","status":"publish","type":"page","link":"https:\/\/metacharter.feimweb.com\/de\/schiffe\/","title":{"rendered":"Unsere Yachten f\u00fcr Charter in Mallorca"},"content":{"rendered":"\t\t<div data-elementor-type=\"wp-page\" data-elementor-id=\"7958\" class=\"elementor elementor-7958 elementor-5735\">\n\t\t\t\t\t\t<section class=\"elementor-section elementor-top-section elementor-element elementor-element-0eb6b62 elementor-section-boxed elementor-section-height-default elementor-section-height-default\" data-id=\"0eb6b62\" data-element_type=\"section\" data-settings=\"{&quot;background_background&quot;:&quot;classic&quot;}\">\n\t\t\t\t\t\t<div class=\"elementor-container elementor-column-gap-extended\">\n\t\t\t\t\t<div class=\"elementor-column elementor-col-50 elementor-top-column elementor-element elementor-element-f4803c2\" data-id=\"f4803c2\" data-element_type=\"column\">\n\t\t\t<div class=\"elementor-widget-wrap elementor-element-populated\">\n\t\t\t\t\t\t<div class=\"elementor-element elementor-element-c963be6 elementor-widget elementor-widget-ovabrw_search_ajax\" data-id=\"c963be6\" data-element_type=\"widget\" data-widget_type=\"ovabrw_search_ajax.default\">\n\t\t\t\t<div class=\"elementor-widget-container\">\n\t\t\t\n<div class=\"ova-search-ajax\">\n\t<!-- Search Map -->\n\t<div class=\"wrap-search-ajax\">\n\t\t<form class=\"form-search-map\" autocomplete=\"off\">\n\t\t\t<div class=\"wrap-search-fields\">\n\t\t\t\t\t\t\t\t\t\t\t\t\t<div class=\"search-field wrap-search-package\">\n\t\t\t\t\t                \t<i aria-hidden=\"true\" class=\"icomoon icomoon-layer\"><\/i>\n\t\t\t\t\t                \t<div class=\"ovabrw-input\">\n\t\t\t\t\t                \t\t<span class=\"label\">Fahrplan<\/span>\n\t\t\t\t\t\t                \t<select name=\"ovabrw_package\" id=\"ovabrw_package\">\n\t\t\t\t\t\t                \t\t<option value selected=\"selected\">\n\t\t\t\t\t\t                \t\t\tW\u00e4hlen Sie\t\t\t\t\t\t                \t\t<\/option>\n\n\t\t\t\t\t\t                \t\t\t\t\t\t\t\t\t                \t\t<option value=\"14400\">\n\t\t\t\t\t\t\t                \t\t\t10h - 14h\t\t\t\t\t\t\t                \t\t<\/option>\n\t\t\t\t\t\t                \t    \t\t\t\t\t\t\t                \t\t<option value=\"14400\">\n\t\t\t\t\t\t\t                \t\t\t14h - 18h\t\t\t\t\t\t\t                \t\t<\/option>\n\t\t\t\t\t\t                \t    \t\t\t\t\t\t\t                \t\t<option value=\"86400\">\n\t\t\t\t\t\t\t                \t\t\t10h - 18h\t\t\t\t\t\t\t                \t\t<\/option>\n\t\t\t\t\t\t                \t    \t\t\t\t\t                \t    <\/select>\n\t\t\t\t\t                    <\/div>\n\t\t\t\t\t                <\/div>\n\t\t\t\t\t\t\t\t\t\t\t\t\t\t\t\t\t\t<div class=\"search-field search-ajax-start-date\">\n\t\t\t\t\t\t\t\t\t\t<i aria-hidden=\"true\" class=\"icomoon icomoon-calendar-alt\"><\/i>\n\t\t\t\t\t\t\t\t\t\t<div class=\"ovabrw-input\">\n\t\t\t\t\t\t\t\t\t\t\t<span class=\"label\">Ausfahrt<\/span>\n\t\t\t\t\t\t\t\t\t\t\t<input \n\t\t\t\t\t\t\t\t\t\t\t\ttype=\"text\" \n\t\t\t\t\t\t\t\t\t\t\t\tname=\"ovabrw_pickup_date\" \n\t\t\t\t\t\t\t\t\t\t\t\tvalue=\"\" \n\t\t\t\t\t\t\t\t\t\t\t\tonkeydown=\"return false\" \n\t\t\t\t\t\t\t\t\t\t\t\tclass=\"ovabrw_datetimepicker ovabrw_start_date\" \n\t\t\t\t\t\t\t\t\t\t\t\tplaceholder=\"dd-mm-yyyy\" \n\t\t\t\t\t\t\t\t\t\t\t\tautocomplete=\"off\" \n\t\t\t\t\t\t\t\t\t\t\t\tdata-hour_default=\"10:00\" \n\t\t\t\t\t\t\t\t\t\t\t\tdata-time_step=\"60\" \n\t\t\t\t\t\t\t\t\t\t\t\tdata-dateformat=\"d-m-Y\"\n\t\t\t\t\t\t\t\t\t\t\t\ttimepicker=\"true\" \n\t\t\t\t\t\t\t\t\t\t\t\tdata-firstday='1' \n\t\t\t\t\t\t\t\t\t\t\t\t\/>\n\t\t\t\t\t\t\t\t\t\t<\/div>\n\t\t\t\t\t\t\t\t\t<\/div>\n\t\t\t\t\t\t\t\t\t\t\t\t\t\t\t\t\t\t<div class=\"search-field search-ajax-guestspicker-control\">\n\t\t\t\t\t\t\t\t\t\t<i aria-hidden=\"true\" class=\"icomoon icomoon-user-friends\"><\/i>\n\t\t\t\t\t\t\t\t\t\t<div class=\"ovabrw-input ovabrw-guestspicker-content-wrapper\">\n\t\t\t\t\t\t\t\t\t\t\t<span class=\"label\">Fahrg\u00e4ste<\/span>\n\t\t\t\t\t\t\t\t\t\t\t<div class=\"ovabrw-guestspicker\">\n\t\t\t\t\t\t\t\t\t\t\t\t<div class=\"guestspicker\">\n\t\t\t\t\t\t\t\t\t\t\t\t\t<span class=\"gueststotal\">1<\/span>\n\t\t\t\t\t\t\t\t\t\t\t\t\t<span class=\"guestslabel\">Fahrg\u00e4ste<\/span>\n\t\t\t\t\t\t\t\t\t\t\t\t<\/div>\n\t\t\t\t\t\t\t\t\t\t\t<\/div>\n\t\t\t\t\t\t\t\t\t\t\t<div class=\"ovabrw-guestspicker-content\">\n\t\t\t\t\t\t\t\t\t\t\t\t<div class=\"guests-buttons\">\n\t\t\t\t\t\t\t\t\t\t\t\t\t<label>Erwachsene<\/label>\n\t\t\t\t\t\t\t\t\t\t\t\t\t<div class=\"guests-button\">\n\t\t\t\t\t\t\t\t\t\t\t\t\t\t<div class=\"guests-icon minus\">\n\t\t\t\t\t\t\t\t\t\t\t\t\t\t\t<i class=\"fas fa-minus\"><\/i>\n\t\t\t\t\t\t\t\t\t\t\t\t\t\t<\/div>\n\t\t\t\t\t\t\t\t\t\t\t\t\t\t<input \n\t\t\t\t\t\t\t\t\t\t\t\t\t\t\ttype=\"text\" \n\t\t\t\t\t\t\t\t\t\t\t\t\t\t\tid=\"ovabrw_adults\" \n\t\t\t\t\t\t\t\t\t\t\t\t\t\t\tname=\"ovabrw_adults\" \n\t\t\t\t\t\t\t\t\t\t\t\t\t\t\tclass=\"ovabrw_adults\" \n\t\t\t\t\t\t\t\t\t\t\t\t\t\t\tvalue=\"1\" \n\t\t\t\t\t\t\t\t\t\t\t\t\t\t\tmin=\"1\" \n\t\t\t\t\t\t\t\t\t\t\t\t\t\t\tmax=\"14\" \/>\n\t\t\t\t\t\t\t\t\t\t\t\t\t\t<input \n\t\t\t\t\t\t\t\t\t\t\t\t\t\t\ttype=\"hidden\" \n\t\t\t\t\t\t\t\t\t\t\t\t\t\t\tid=\"ovabrw_childrens\" \n\t\t\t\t\t\t\t\t\t\t\t\t\t\t\tname=\"ovabrw_childrens\" \n\t\t\t\t\t\t\t\t\t\t\t\t\t\t\tclass=\"ovabrw_childrens\" \n\t\t\t\t\t\t\t\t\t\t\t\t\t\t\tvalue=\"0\" \n\t\t\t\t\t\t\t\t\t\t\t\t\t\t\tmin=\"0\" \n\t\t\t\t\t\t\t\t\t\t\t\t\t\t\tmax=\"10\" \/>\n\t\t\t\t\t\t\t\t\t\t\t\t\t\t<div class=\"guests-icon plus\">\n\t\t\t\t\t\t\t\t\t\t\t\t\t\t\t<i class=\"fas fa-plus\"><\/i>\n\t\t\t\t\t\t\t\t\t\t\t\t\t\t<\/div>\n\t\t\t\t\t\t\t\t\t\t\t\t\t<\/div>\n\t\t\t\t\t\t\t\t\t\t\t\t<\/div>\n\t\t\t\t\t\t\t\t\t\t\t<\/div>\n\t\t\t\t\t\t\t\t\t\t<\/div>\n\t\t\t\t\t\t\t\t\t<\/div>\n\t\t\t\t\t\t\t\t\t\t\t\t<\/div><!-- wrap_content -->\n\t\t\t<div class=\"search-ajax-btn\">\n\t\t\t\t<button class=\"ovabrw-btn\" type=\"submit\">\n\t\t\t\t\t<i class=\"icomoon icomoon-search\"><\/i>\n\t\t\t\t\tSuche\t\t\t\t<\/button>\n\t\t\t<\/div>\n\t\t<\/form>\n\n\t\t<!-- Load more -->\n\t\t<div class=\"wrap-load-more\" style=\"display: none;\">\n\t\t\t<svg class=\"loader\" width=\"50\" height=\"50\">\n\t\t\t\t<circle cx=\"25\" cy=\"25\" r=\"10\" \/>\n\t\t\t\t<circle cx=\"25\" cy=\"25\" r=\"20\" \/>\n\t\t\t<\/svg>\n\t\t<\/div>\n\t\t<!-- End load more -->\n\n\t\t<!-- Search result -->\n\t\t<div \n\t\t\tid=\"search-ajax-result\" \n\t\t\tclass=\"search-ajax-result\" \n\t\t\tdata-order=\"DESC\" \n\t\t\tdata-orderby=\"title\" \n\t\t\tdata-posts-per-page=\"5\" \n\t\t\tdata-categories=\"[]\">\n\t\t<\/div><!-- search_result -->\n\t\t<div class=\"modal-container\">\n\t\t\t<div class=\"modal\">\n\t\t\t\t<div class=\"modal-close\">\n\t\t\t\t\t<i class=\"ovaicon-cancel\"><\/i>\n\t\t\t\t<\/div>\n\t\t\t\t<iframe class=\"modal-video\" allow=\"autoplay\"><\/iframe>\n\t\t\t<\/div>\n\t\t<\/div>\n\t<\/div><!-- wrap_search -->\n<\/div>\t\t<\/div>\n\t\t\t\t<\/div>\n\t\t\t\t\t<\/div>\n\t\t<\/div>\n\t\t\t\t<div class=\"elementor-column elementor-col-50 elementor-top-column elementor-element elementor-element-8f98590\" data-id=\"8f98590\" data-element_type=\"column\">\n\t\t\t<div class=\"elementor-widget-wrap elementor-element-populated\">\n\t\t\t\t\t\t<section class=\"elementor-section elementor-inner-section elementor-element elementor-element-b88acb3 elementor-section-boxed elementor-section-height-default elementor-section-height-default\" data-id=\"b88acb3\" data-element_type=\"section\" data-settings=\"{&quot;background_background&quot;:&quot;classic&quot;}\">\n\t\t\t\t\t\t<div class=\"elementor-container elementor-column-gap-default\">\n\t\t\t\t\t<div class=\"elementor-column elementor-col-100 elementor-inner-column elementor-element elementor-element-5394168\" data-id=\"5394168\" data-element_type=\"column\">\n\t\t\t<div class=\"elementor-widget-wrap elementor-element-populated\">\n\t\t\t\t\t\t<div class=\"elementor-element elementor-element-828e824 elementor-widget elementor-widget-heading\" data-id=\"828e824\" data-element_type=\"widget\" data-widget_type=\"heading.default\">\n\t\t\t\t<div class=\"elementor-widget-container\">\n\t\t\t<h3 class=\"elementor-heading-title elementor-size-medium\">Modalit\u00e4ten der Vermietung<\/h3>\t\t<\/div>\n\t\t\t\t<\/div>\n\t\t\t\t<div class=\"elementor-element elementor-element-b3616ed elementor-icon-list--layout-traditional elementor-list-item-link-full_width elementor-widget elementor-widget-icon-list\" data-id=\"b3616ed\" data-element_type=\"widget\" data-widget_type=\"icon-list.default\">\n\t\t\t\t<div class=\"elementor-widget-container\">\n\t\t\t\t\t<ul class=\"elementor-icon-list-items\">\n\t\t\t\t\t\t\t<li class=\"elementor-icon-list-item\">\n\t\t\t\t\t\t\t\t\t\t\t<a href=\"https:\/\/metacharter.feimweb.com\/de\/stundenweise-vermietungen-auf-mallorca\/\">\n\n\t\t\t\t\t\t\t\t\t\t\t\t<span class=\"elementor-icon-list-icon\">\n\t\t\t\t\t\t\t<i aria-hidden=\"true\" class=\"fas fa-chevron-right\"><\/i>\t\t\t\t\t\t<\/span>\n\t\t\t\t\t\t\t\t\t\t<span class=\"elementor-icon-list-text\">St\u00fcndliche Miete<\/span>\n\t\t\t\t\t\t\t\t\t\t\t<\/a>\n\t\t\t\t\t\t\t\t\t<\/li>\n\t\t\t\t\t\t\t\t<li class=\"elementor-icon-list-item\">\n\t\t\t\t\t\t\t\t\t\t\t<a href=\"https:\/\/metacharter.feimweb.com\/de\/halbtaegiger-bootscharter-auf-mallorca\/\">\n\n\t\t\t\t\t\t\t\t\t\t\t\t<span class=\"elementor-icon-list-icon\">\n\t\t\t\t\t\t\t<i aria-hidden=\"true\" class=\"fas fa-chevron-right\"><\/i>\t\t\t\t\t\t<\/span>\n\t\t\t\t\t\t\t\t\t\t<span class=\"elementor-icon-list-text\">Halbtagsvermietung<\/span>\n\t\t\t\t\t\t\t\t\t\t\t<\/a>\n\t\t\t\t\t\t\t\t\t<\/li>\n\t\t\t\t\t\t\t\t<li class=\"elementor-icon-list-item\">\n\t\t\t\t\t\t\t\t\t\t\t<a href=\"https:\/\/metacharter.feimweb.com\/de\/bootsverleih-fuer-tage-auf-mallorca\/\">\n\n\t\t\t\t\t\t\t\t\t\t\t\t<span class=\"elementor-icon-list-icon\">\n\t\t\t\t\t\t\t<i aria-hidden=\"true\" class=\"fas fa-chevron-right\"><\/i>\t\t\t\t\t\t<\/span>\n\t\t\t\t\t\t\t\t\t\t<span class=\"elementor-icon-list-text\">T\u00e4gliche Vermietung<\/span>\n\t\t\t\t\t\t\t\t\t\t\t<\/a>\n\t\t\t\t\t\t\t\t\t<\/li>\n\t\t\t\t\t\t\t\t<li class=\"elementor-icon-list-item\">\n\t\t\t\t\t\t\t\t\t\t\t<a href=\"https:\/\/metacharter.feimweb.com\/de\/yachtcharter-am-wochenende-auf-mallorca\/\">\n\n\t\t\t\t\t\t\t\t\t\t\t\t<span class=\"elementor-icon-list-icon\">\n\t\t\t\t\t\t\t<i aria-hidden=\"true\" class=\"fas fa-chevron-right\"><\/i>\t\t\t\t\t\t<\/span>\n\t\t\t\t\t\t\t\t\t\t<span class=\"elementor-icon-list-text\">Wochenendvermietung<\/span>\n\t\t\t\t\t\t\t\t\t\t\t<\/a>\n\t\t\t\t\t\t\t\t\t<\/li>\n\t\t\t\t\t\t\t\t<li class=\"elementor-icon-list-item\">\n\t\t\t\t\t\t\t\t\t\t\t<a href=\"https:\/\/metacharter.feimweb.com\/de\/bootsvermietung-eine-woche-auf-mallorca\/\">\n\n\t\t\t\t\t\t\t\t\t\t\t\t<span class=\"elementor-icon-list-icon\">\n\t\t\t\t\t\t\t<i aria-hidden=\"true\" class=\"fas fa-chevron-right\"><\/i>\t\t\t\t\t\t<\/span>\n\t\t\t\t\t\t\t\t\t\t<span class=\"elementor-icon-list-text\">W\u00f6chentliche Vermietung<\/span>\n\t\t\t\t\t\t\t\t\t\t\t<\/a>\n\t\t\t\t\t\t\t\t\t<\/li>\n\t\t\t\t\t\t<\/ul>\n\t\t\t\t<\/div>\n\t\t\t\t<\/div>\n\t\t\t\t<div class=\"elementor-element elementor-element-71af1ec elementor-widget elementor-widget-yachbat_elementor_heading\" data-id=\"71af1ec\" data-element_type=\"widget\" data-widget_type=\"yachbat_elementor_heading.default\">\n\t\t\t\t<div class=\"elementor-widget-container\">\n\t\t\t\t\t\t<div class=\"ova-title\">\r\n\t\t\t\t<h3 class=\"sub-title\"><\/h3>\r\n\t\t\t\t\t\t\t\t\t<h3 class=\"title\">\r\n\t\t\t\t\t\t<a href=\"https:\/\/metacharter.feimweb.com\/de\/bootsverleih-ohne-fuehrerschein-auf-mallorca\/\">\r\n\t\t\t\t\t\t\tBareboat-Charter\t\t\t\t\t\t<\/a>\r\n\t\t\t\t\t<\/h3>\r\n\t\t\t\t\t\t\t<\/div> \r\n\t\t\t\t<\/div>\n\t\t\t\t<\/div>\n\t\t\t\t<div class=\"elementor-element elementor-element-dc1724e elementor-widget elementor-widget-yachbat_elementor_heading\" data-id=\"dc1724e\" data-element_type=\"widget\" data-widget_type=\"yachbat_elementor_heading.default\">\n\t\t\t\t<div class=\"elementor-widget-container\">\n\t\t\t\t\t\t<div class=\"ova-title\">\r\n\t\t\t\t<h3 class=\"sub-title\"><\/h3>\r\n\t\t\t\t\t\t\t\t\t<h3 class=\"title\">\r\n\t\t\t\t\t\t<a href=\"https:\/\/metacharter.feimweb.com\/de\/yachtcharter-mit-skipper-auf-mallorca\/\">\r\n\t\t\t\t\t\t\tYachtcharter mit Skipper\t\t\t\t\t\t<\/a>\r\n\t\t\t\t\t<\/h3>\r\n\t\t\t\t\t\t\t<\/div> \r\n\t\t\t\t<\/div>\n\t\t\t\t<\/div>\n\t\t\t\t<div class=\"elementor-element elementor-element-5f27854 elementor-widget elementor-widget-heading\" data-id=\"5f27854\" data-element_type=\"widget\" data-widget_type=\"heading.default\">\n\t\t\t\t<div class=\"elementor-widget-container\">\n\t\t\t<h3 class=\"elementor-heading-title elementor-size-medium\">Erlebnisse<\/h3>\t\t<\/div>\n\t\t\t\t<\/div>\n\t\t\t\t<div class=\"elementor-element elementor-element-89d2227 elementor-icon-list--layout-traditional elementor-list-item-link-full_width elementor-widget elementor-widget-icon-list\" data-id=\"89d2227\" data-element_type=\"widget\" data-widget_type=\"icon-list.default\">\n\t\t\t\t<div class=\"elementor-widget-container\">\n\t\t\t\t\t<ul class=\"elementor-icon-list-items\">\n\t\t\t\t\t\t\t<li class=\"elementor-icon-list-item\">\n\t\t\t\t\t\t\t\t\t\t\t<a href=\"https:\/\/metacharter.feimweb.com\/de\/bachelorette-party-bootsverleih\/\">\n\n\t\t\t\t\t\t\t\t\t\t\t\t<span class=\"elementor-icon-list-icon\">\n\t\t\t\t\t\t\t<i aria-hidden=\"true\" class=\"fas fa-chevron-right\"><\/i>\t\t\t\t\t\t<\/span>\n\t\t\t\t\t\t\t\t\t\t<span class=\"elementor-icon-list-text\">Bootsverleih f\u00fcr Junggesellinnenabschiede<\/span>\n\t\t\t\t\t\t\t\t\t\t\t<\/a>\n\t\t\t\t\t\t\t\t\t<\/li>\n\t\t\t\t\t\t\t\t<li class=\"elementor-icon-list-item\">\n\t\t\t\t\t\t\t\t\t\t\t<a href=\"https:\/\/metacharter.feimweb.com\/de\/sie-moechten-ein-boot-fuer-eine-party-mieten\/\">\n\n\t\t\t\t\t\t\t\t\t\t\t\t<span class=\"elementor-icon-list-icon\">\n\t\t\t\t\t\t\t<i aria-hidden=\"true\" class=\"fas fa-chevron-right\"><\/i>\t\t\t\t\t\t<\/span>\n\t\t\t\t\t\t\t\t\t\t<span class=\"elementor-icon-list-text\">Partybootverleih<\/span>\n\t\t\t\t\t\t\t\t\t\t\t<\/a>\n\t\t\t\t\t\t\t\t\t<\/li>\n\t\t\t\t\t\t\t\t<li class=\"elementor-icon-list-item\">\n\t\t\t\t\t\t\t\t\t\t\t<a href=\"https:\/\/metacharter.feimweb.com\/de\/fischerboot-charter\/\">\n\n\t\t\t\t\t\t\t\t\t\t\t\t<span class=\"elementor-icon-list-icon\">\n\t\t\t\t\t\t\t<i aria-hidden=\"true\" class=\"fas fa-chevron-right\"><\/i>\t\t\t\t\t\t<\/span>\n\t\t\t\t\t\t\t\t\t\t<span class=\"elementor-icon-list-text\">Vermietung von Fischerbooten<\/span>\n\t\t\t\t\t\t\t\t\t\t\t<\/a>\n\t\t\t\t\t\t\t\t\t<\/li>\n\t\t\t\t\t\t<\/ul>\n\t\t\t\t<\/div>\n\t\t\t\t<\/div>\n\t\t\t\t\t<\/div>\n\t\t<\/div>\n\t\t\t\t\t<\/div>\n\t\t<\/section>\n\t\t\t\t\t<\/div>\n\t\t<\/div>\n\t\t\t\t\t<\/div>\n\t\t<\/section>\n\t\t\t\t<\/div>\n\t\t","protected":false},"excerpt":{"rendered":"<p>Fahrplan W\u00e4hlen Sie 10h &#8211; 14h 14h &#8211; 18h 10h &#8211; 18h Ausfahrt Fahrg\u00e4ste 1 Fahrg\u00e4ste Erwachsene Suche Modalit\u00e4ten der Vermietung St\u00fcndliche Miete Halbtagsvermietung T\u00e4gliche Vermietung Wochenendvermietung W\u00f6chentliche Vermietung Bareboat-Charter Yachtcharter mit Skipper Erlebnisse Bootsverleih f\u00fcr Junggesellinnenabschiede Partybootverleih Vermietung von Fischerbooten<\/p>\n","protected":false},"author":3,"featured_media":0,"parent":0,"menu_order":0,"comment_status":"closed","ping_status":"closed","template":"elementor_header_footer","meta":{"_joinchat":[],"footnotes":""},"class_list":["post-7958","page","type-page","status-publish","hentry"],"yoast_head":"<!-- This site is optimized with the Yoast SEO plugin v22.2 - https:\/\/yoast.com\/wordpress\/plugins\/seo\/ -->\n<title>Luxusyachten auf Mallorca - Meta Charter Mallorca<\/title>\n<meta name=\"description\" content=\"Entdecken Sie unsere Flotte von Booten, die auf Mallorca verf\u00fcgbar sind. Finden Sie das perfekte Boot f\u00fcr Ihr n\u00e4chstes maritimes Abenteuer.\" \/>\n<meta name=\"robots\" content=\"noindex, follow, max-snippet:-1, max-image-preview:large, max-video-preview:-1\" \/>\n<meta property=\"og:locale\" content=\"de_DE\" \/>\n<meta property=\"og:type\" content=\"article\" \/>\n<meta property=\"og:title\" content=\"Luxusyachten auf Mallorca - Meta Charter Mallorca\" \/>\n<meta property=\"og:description\" content=\"Entdecken Sie unsere Flotte von Booten, die auf Mallorca verf\u00fcgbar sind. Finden Sie das perfekte Boot f\u00fcr Ihr n\u00e4chstes maritimes Abenteuer.\" \/>\n<meta property=\"og:url\" content=\"https:\/\/metacharter.feimweb.com\/de\/schiffe\/\" \/>\n<meta property=\"og:site_name\" content=\"Meta Charter Mallorca\" \/>\n<meta property=\"article:modified_time\" content=\"2024-03-12T09:11:22+00:00\" \/>\n<meta name=\"twitter:card\" content=\"summary_large_image\" \/>\n<meta name=\"twitter:label1\" content=\"Gesch\u00e4tzte Lesezeit\" \/>\n\t<meta name=\"twitter:data1\" content=\"1\u00a0Minute\" \/>\n<script type=\"application\/ld+json\" class=\"yoast-schema-graph\">{\"@context\":\"https:\/\/schema.org\",\"@graph\":[{\"@type\":\"WebPage\",\"@id\":\"https:\/\/metacharter.feimweb.com\/de\/schiffe\/\",\"url\":\"https:\/\/metacharter.feimweb.com\/de\/schiffe\/\",\"name\":\"Luxusyachten auf Mallorca - Meta Charter Mallorca\",\"isPartOf\":{\"@id\":\"https:\/\/metacharter.feimweb.com\/de\/#website\"},\"datePublished\":\"2023-08-21T15:46:40+00:00\",\"dateModified\":\"2024-03-12T09:11:22+00:00\",\"description\":\"Entdecken Sie unsere Flotte von Booten, die auf Mallorca verf\u00fcgbar sind. Finden Sie das perfekte Boot f\u00fcr Ihr n\u00e4chstes maritimes Abenteuer.\",\"breadcrumb\":{\"@id\":\"https:\/\/metacharter.feimweb.com\/de\/schiffe\/#breadcrumb\"},\"inLanguage\":\"de\",\"potentialAction\":[{\"@type\":\"ReadAction\",\"target\":[\"https:\/\/metacharter.feimweb.com\/de\/schiffe\/\"]}]},{\"@type\":\"BreadcrumbList\",\"@id\":\"https:\/\/metacharter.feimweb.com\/de\/schiffe\/#breadcrumb\",\"itemListElement\":[{\"@type\":\"ListItem\",\"position\":1,\"name\":\"Portada\",\"item\":\"https:\/\/metacharter.feimweb.com\/de\/\"},{\"@type\":\"ListItem\",\"position\":2,\"name\":\"Unsere Yachten f\u00fcr Charter in Mallorca\"}]},{\"@type\":\"WebSite\",\"@id\":\"https:\/\/metacharter.feimweb.com\/de\/#website\",\"url\":\"https:\/\/metacharter.feimweb.com\/de\/\",\"name\":\"Meta Charter Mallorca\",\"description\":\"\",\"potentialAction\":[{\"@type\":\"SearchAction\",\"target\":{\"@type\":\"EntryPoint\",\"urlTemplate\":\"https:\/\/metacharter.feimweb.com\/de\/?s={search_term_string}\"},\"query-input\":\"required name=search_term_string\"}],\"inLanguage\":\"de\"}]}<\/script>\n<!-- \/ Yoast SEO plugin. -->","yoast_head_json":{"title":"Luxusyachten auf Mallorca - Meta Charter Mallorca","description":"Entdecken Sie unsere Flotte von Booten, die auf Mallorca verf\u00fcgbar sind. Finden Sie das perfekte Boot f\u00fcr Ihr n\u00e4chstes maritimes Abenteuer.","robots":{"index":"noindex","follow":"follow","max-snippet":"max-snippet:-1","max-image-preview":"max-image-preview:large","max-video-preview":"max-video-preview:-1"},"og_locale":"de_DE","og_type":"article","og_title":"Luxusyachten auf Mallorca - Meta Charter Mallorca","og_description":"Entdecken Sie unsere Flotte von Booten, die auf Mallorca verf\u00fcgbar sind. Finden Sie das perfekte Boot f\u00fcr Ihr n\u00e4chstes maritimes Abenteuer.","og_url":"https:\/\/metacharter.feimweb.com\/de\/schiffe\/","og_site_name":"Meta Charter Mallorca","article_modified_time":"2024-03-12T09:11:22+00:00","twitter_card":"summary_large_image","twitter_misc":{"Gesch\u00e4tzte Lesezeit":"1\u00a0Minute"},"schema":{"@context":"https:\/\/schema.org","@graph":[{"@type":"WebPage","@id":"https:\/\/metacharter.feimweb.com\/de\/schiffe\/","url":"https:\/\/metacharter.feimweb.com\/de\/schiffe\/","name":"Luxusyachten auf Mallorca - Meta Charter Mallorca","isPartOf":{"@id":"https:\/\/metacharter.feimweb.com\/de\/#website"},"datePublished":"2023-08-21T15:46:40+00:00","dateModified":"2024-03-12T09:11:22+00:00","description":"Entdecken Sie unsere Flotte von Booten, die auf Mallorca verf\u00fcgbar sind. Finden Sie das perfekte Boot f\u00fcr Ihr n\u00e4chstes maritimes Abenteuer.","breadcrumb":{"@id":"https:\/\/metacharter.feimweb.com\/de\/schiffe\/#breadcrumb"},"inLanguage":"de","potentialAction":[{"@type":"ReadAction","target":["https:\/\/metacharter.feimweb.com\/de\/schiffe\/"]}]},{"@type":"BreadcrumbList","@id":"https:\/\/metacharter.feimweb.com\/de\/schiffe\/#breadcrumb","itemListElement":[{"@type":"ListItem","position":1,"name":"Portada","item":"https:\/\/metacharter.feimweb.com\/de\/"},{"@type":"ListItem","position":2,"name":"Unsere Yachten f\u00fcr Charter in Mallorca"}]},{"@type":"WebSite","@id":"https:\/\/metacharter.feimweb.com\/de\/#website","url":"https:\/\/metacharter.feimweb.com\/de\/","name":"Meta Charter Mallorca","description":"","potentialAction":[{"@type":"SearchAction","target":{"@type":"EntryPoint","urlTemplate":"https:\/\/metacharter.feimweb.com\/de\/?s={search_term_string}"},"query-input":"required name=search_term_string"}],"inLanguage":"de"}]}},"_links":{"self":[{"href":"https:\/\/metacharter.feimweb.com\/de\/wp-json\/wp\/v2\/pages\/7958","targetHints":{"allow":["GET"]}}],"collection":[{"href":"https:\/\/metacharter.feimweb.com\/de\/wp-json\/wp\/v2\/pages"}],"about":[{"href":"https:\/\/metacharter.feimweb.com\/de\/wp-json\/wp\/v2\/types\/page"}],"author":[{"embeddable":true,"href":"https:\/\/metacharter.feimweb.com\/de\/wp-json\/wp\/v2\/users\/3"}],"replies":[{"embeddable":true,"href":"https:\/\/metacharter.feimweb.com\/de\/wp-json\/wp\/v2\/comments?post=7958"}],"version-history":[{"count":18,"href":"https:\/\/metacharter.feimweb.com\/de\/wp-json\/wp\/v2\/pages\/7958\/revisions"}],"predecessor-version":[{"id":9221,"href":"https:\/\/metacharter.feimweb.com\/de\/wp-json\/wp\/v2\/pages\/7958\/revisions\/9221"}],"wp:attachment":[{"href":"https:\/\/metacharter.feimweb.com\/de\/wp-json\/wp\/v2\/media?parent=7958"}],"curies":[{"name":"wp","href":"https:\/\/api.w.org\/{rel}","templated":true}]}}