{"id":7956,"date":"2023-11-07T13:11:32","date_gmt":"2023-11-07T12:11:32","guid":{"rendered":"https:\/\/metachartermallorca.com\/rechtlicher-hinweis\/"},"modified":"2024-03-10T22:42:27","modified_gmt":"2024-03-10T21:42:27","slug":"rechtlicher-hinweis","status":"publish","type":"page","link":"https:\/\/metacharter.feimweb.com\/de\/rechtlicher-hinweis\/","title":{"rendered":"Rechtlicher Hinweis"},"content":{"rendered":"\t\t<div data-elementor-type=\"wp-page\" data-elementor-id=\"7956\" class=\"elementor elementor-7956 elementor-6881\">\n\t\t\t\t\t\t<section class=\"elementor-section elementor-top-section elementor-element elementor-element-b9b7ad1 elementor-section-boxed elementor-section-height-default elementor-section-height-default\" data-id=\"b9b7ad1\" data-element_type=\"section\">\n\t\t\t\t\t\t<div class=\"elementor-container elementor-column-gap-default\">\n\t\t\t\t\t<div class=\"elementor-column elementor-col-100 elementor-top-column elementor-element elementor-element-8949bb7\" data-id=\"8949bb7\" data-element_type=\"column\">\n\t\t\t<div class=\"elementor-widget-wrap elementor-element-populated\">\n\t\t\t\t\t\t<div class=\"elementor-element elementor-element-6628b35 elementor-widget elementor-widget-text-editor\" data-id=\"6628b35\" data-element_type=\"widget\" data-widget_type=\"text-editor.default\">\n\t\t\t\t<div class=\"elementor-widget-container\">\n\t\t\t\t\t\t\t<p>Gem\u00e4\u00df Artikel 10 des Gesetzes 34\/2002 vom 11. Juli \u00fcber die Dienstleistungen der Informationsgesellschaft und den elektronischen Gesch\u00e4ftsverkehr (LSSICE) werden im Folgenden die Angaben zur Identifizierung des Unternehmens aufgef\u00fchrt.<\/p>\n<p>&#8211; Name des Unternehmens: Grupo Seul 2022 SL<br \/>\u2013 C.I.F: B72589070<br \/>\u2013 Eingetragener Sitz: C\/ Mar menor n6, 2, cp 07610 \u2013 Palma<br \/>\u2013 E-Mail Adresse: info@metachartemallorca.com<br \/>\u2013 Telefon: 637 229 056<\/p>\n\t\t\t\t\t\t<\/div>\n\t\t\t\t<\/div>\n\t\t\t\t\t<\/div>\n\t\t<\/div>\n\t\t\t\t\t<\/div>\n\t\t<\/section>\n\t\t\t\t<\/div>\n\t\t","protected":false},"excerpt":{"rendered":"<p>Gem\u00e4\u00df Artikel 10 des Gesetzes 34\/2002 vom 11. Juli \u00fcber die Dienstleistungen der Informationsgesellschaft und den elektronischen Gesch\u00e4ftsverkehr (LSSICE) werden im Folgenden die Angaben zur Identifizierung des Unternehmens aufgef\u00fchrt. &#8211; Name des Unternehmens: Grupo Seul 2022 SL\u2013 C.I.F: B72589070\u2013 Eingetragener Sitz: C\/ Mar menor n6, 2, cp 07610 \u2013 Palma\u2013 E-Mail Adresse: info@metachartemallorca.com\u2013 Telefon: 637 [&hellip;]<\/p>\n","protected":false},"author":4,"featured_media":0,"parent":0,"menu_order":0,"comment_status":"closed","ping_status":"closed","template":"elementor_header_footer","meta":{"_joinchat":[],"footnotes":""},"class_list":["post-7956","page","type-page","status-publish","hentry"],"yoast_head":"<!-- This site is optimized with the Yoast SEO plugin v22.2 - https:\/\/yoast.com\/wordpress\/plugins\/seo\/ -->\n<title>Rechtlicher Hinweis - Meta Charter Mallorca<\/title>\n<meta name=\"description\" content=\"Lesen Sie unsere rechtlichen Hinweise f\u00fcr eine sichere und zuverl\u00e4ssige Navigation. Wir verpflichten uns zu Transparenz und Vertrauen in unsere Dienstleistungen.\" \/>\n<meta name=\"robots\" content=\"noindex, follow, max-snippet:-1, max-image-preview:large, max-video-preview:-1\" \/>\n<meta property=\"og:locale\" content=\"de_DE\" \/>\n<meta property=\"og:type\" content=\"article\" \/>\n<meta property=\"og:title\" content=\"Rechtlicher Hinweis - Meta Charter Mallorca\" \/>\n<meta property=\"og:description\" content=\"Lesen Sie unsere rechtlichen Hinweise f\u00fcr eine sichere und zuverl\u00e4ssige Navigation. Wir verpflichten uns zu Transparenz und Vertrauen in unsere Dienstleistungen.\" \/>\n<meta property=\"og:url\" content=\"https:\/\/metacharter.feimweb.com\/de\/rechtlicher-hinweis\/\" \/>\n<meta property=\"og:site_name\" content=\"Meta Charter Mallorca\" \/>\n<meta property=\"article:modified_time\" content=\"2024-03-10T21:42:27+00:00\" \/>\n<meta name=\"twitter:card\" content=\"summary_large_image\" \/>\n<meta name=\"twitter:label1\" content=\"Gesch\u00e4tzte Lesezeit\" \/>\n\t<meta name=\"twitter:data1\" content=\"1\u00a0Minute\" \/>\n<script type=\"application\/ld+json\" class=\"yoast-schema-graph\">{\"@context\":\"https:\/\/schema.org\",\"@graph\":[{\"@type\":\"WebPage\",\"@id\":\"https:\/\/metacharter.feimweb.com\/de\/rechtlicher-hinweis\/\",\"url\":\"https:\/\/metacharter.feimweb.com\/de\/rechtlicher-hinweis\/\",\"name\":\"Rechtlicher Hinweis - Meta Charter Mallorca\",\"isPartOf\":{\"@id\":\"https:\/\/metacharter.feimweb.com\/de\/#website\"},\"datePublished\":\"2023-11-07T12:11:32+00:00\",\"dateModified\":\"2024-03-10T21:42:27+00:00\",\"description\":\"Lesen Sie unsere rechtlichen Hinweise f\u00fcr eine sichere und zuverl\u00e4ssige Navigation. Wir verpflichten uns zu Transparenz und Vertrauen in unsere Dienstleistungen.\",\"breadcrumb\":{\"@id\":\"https:\/\/metacharter.feimweb.com\/de\/rechtlicher-hinweis\/#breadcrumb\"},\"inLanguage\":\"de\",\"potentialAction\":[{\"@type\":\"ReadAction\",\"target\":[\"https:\/\/metacharter.feimweb.com\/de\/rechtlicher-hinweis\/\"]}]},{\"@type\":\"BreadcrumbList\",\"@id\":\"https:\/\/metacharter.feimweb.com\/de\/rechtlicher-hinweis\/#breadcrumb\",\"itemListElement\":[{\"@type\":\"ListItem\",\"position\":1,\"name\":\"Portada\",\"item\":\"https:\/\/metacharter.feimweb.com\/de\/\"},{\"@type\":\"ListItem\",\"position\":2,\"name\":\"Rechtlicher Hinweis\"}]},{\"@type\":\"WebSite\",\"@id\":\"https:\/\/metacharter.feimweb.com\/de\/#website\",\"url\":\"https:\/\/metacharter.feimweb.com\/de\/\",\"name\":\"Meta Charter Mallorca\",\"description\":\"\",\"potentialAction\":[{\"@type\":\"SearchAction\",\"target\":{\"@type\":\"EntryPoint\",\"urlTemplate\":\"https:\/\/metacharter.feimweb.com\/de\/?s={search_term_string}\"},\"query-input\":\"required name=search_term_string\"}],\"inLanguage\":\"de\"}]}<\/script>\n<!-- \/ Yoast SEO plugin. -->","yoast_head_json":{"title":"Rechtlicher Hinweis - Meta Charter Mallorca","description":"Lesen Sie unsere rechtlichen Hinweise f\u00fcr eine sichere und zuverl\u00e4ssige Navigation. Wir verpflichten uns zu Transparenz und Vertrauen in unsere Dienstleistungen.","robots":{"index":"noindex","follow":"follow","max-snippet":"max-snippet:-1","max-image-preview":"max-image-preview:large","max-video-preview":"max-video-preview:-1"},"og_locale":"de_DE","og_type":"article","og_title":"Rechtlicher Hinweis - Meta Charter Mallorca","og_description":"Lesen Sie unsere rechtlichen Hinweise f\u00fcr eine sichere und zuverl\u00e4ssige Navigation. Wir verpflichten uns zu Transparenz und Vertrauen in unsere Dienstleistungen.","og_url":"https:\/\/metacharter.feimweb.com\/de\/rechtlicher-hinweis\/","og_site_name":"Meta Charter Mallorca","article_modified_time":"2024-03-10T21:42:27+00:00","twitter_card":"summary_large_image","twitter_misc":{"Gesch\u00e4tzte Lesezeit":"1\u00a0Minute"},"schema":{"@context":"https:\/\/schema.org","@graph":[{"@type":"WebPage","@id":"https:\/\/metacharter.feimweb.com\/de\/rechtlicher-hinweis\/","url":"https:\/\/metacharter.feimweb.com\/de\/rechtlicher-hinweis\/","name":"Rechtlicher Hinweis - Meta Charter Mallorca","isPartOf":{"@id":"https:\/\/metacharter.feimweb.com\/de\/#website"},"datePublished":"2023-11-07T12:11:32+00:00","dateModified":"2024-03-10T21:42:27+00:00","description":"Lesen Sie unsere rechtlichen Hinweise f\u00fcr eine sichere und zuverl\u00e4ssige Navigation. Wir verpflichten uns zu Transparenz und Vertrauen in unsere Dienstleistungen.","breadcrumb":{"@id":"https:\/\/metacharter.feimweb.com\/de\/rechtlicher-hinweis\/#breadcrumb"},"inLanguage":"de","potentialAction":[{"@type":"ReadAction","target":["https:\/\/metacharter.feimweb.com\/de\/rechtlicher-hinweis\/"]}]},{"@type":"BreadcrumbList","@id":"https:\/\/metacharter.feimweb.com\/de\/rechtlicher-hinweis\/#breadcrumb","itemListElement":[{"@type":"ListItem","position":1,"name":"Portada","item":"https:\/\/metacharter.feimweb.com\/de\/"},{"@type":"ListItem","position":2,"name":"Rechtlicher Hinweis"}]},{"@type":"WebSite","@id":"https:\/\/metacharter.feimweb.com\/de\/#website","url":"https:\/\/metacharter.feimweb.com\/de\/","name":"Meta Charter Mallorca","description":"","potentialAction":[{"@type":"SearchAction","target":{"@type":"EntryPoint","urlTemplate":"https:\/\/metacharter.feimweb.com\/de\/?s={search_term_string}"},"query-input":"required name=search_term_string"}],"inLanguage":"de"}]}},"_links":{"self":[{"href":"https:\/\/metacharter.feimweb.com\/de\/wp-json\/wp\/v2\/pages\/7956","targetHints":{"allow":["GET"]}}],"collection":[{"href":"https:\/\/metacharter.feimweb.com\/de\/wp-json\/wp\/v2\/pages"}],"about":[{"href":"https:\/\/metacharter.feimweb.com\/de\/wp-json\/wp\/v2\/types\/page"}],"author":[{"embeddable":true,"href":"https:\/\/metacharter.feimweb.com\/de\/wp-json\/wp\/v2\/users\/4"}],"replies":[{"embeddable":true,"href":"https:\/\/metacharter.feimweb.com\/de\/wp-json\/wp\/v2\/comments?post=7956"}],"version-history":[{"count":1,"href":"https:\/\/metacharter.feimweb.com\/de\/wp-json\/wp\/v2\/pages\/7956\/revisions"}],"predecessor-version":[{"id":7957,"href":"https:\/\/metacharter.feimweb.com\/de\/wp-json\/wp\/v2\/pages\/7956\/revisions\/7957"}],"wp:attachment":[{"href":"https:\/\/metacharter.feimweb.com\/de\/wp-json\/wp\/v2\/media?parent=7956"}],"curies":[{"name":"wp","href":"https:\/\/api.w.org\/{rel}","templated":true}]}}